{"id":73,"date":"2025-07-31T12:35:04","date_gmt":"2025-07-31T12:35:04","guid":{"rendered":"https:\/\/inesnevescaldas.com\/?page_id=73"},"modified":"2026-04-08T13:40:44","modified_gmt":"2026-04-08T13:40:44","slug":"sobre","status":"publish","type":"page","link":"https:\/\/inescaldas.cbraga.pt\/en\/sobre\/","title":{"rendered":"About"},"content":{"rendered":"<div data-elementor-type=\"wp-page\" data-elementor-id=\"73\" class=\"elementor elementor-73\" data-elementor-post-type=\"page\">\n\t\t\t\t<div class=\"elementor-element elementor-element-e79c7ae e-flex e-con-boxed e-con e-parent\" data-id=\"e79c7ae\" data-element_type=\"container\" data-e-type=\"container\">\n\t\t\t\t\t<div class=\"e-con-inner\">\n\t\t<div class=\"elementor-element elementor-element-9380dd1 e-con-full e-flex e-con e-child\" data-id=\"9380dd1\" data-element_type=\"container\" data-e-type=\"container\" data-settings=\"{&quot;background_background&quot;:&quot;classic&quot;}\">\n\t\t<div class=\"elementor-element elementor-element-b2c693f e-con-full e-flex e-con e-child\" data-id=\"b2c693f\" data-element_type=\"container\" data-e-type=\"container\">\n\t\t\t\t<div class=\"elementor-element elementor-element-b05b30b elementor-widget elementor-widget-heading\" data-id=\"b05b30b\" data-element_type=\"widget\" data-e-type=\"widget\" data-widget_type=\"heading.default\">\n\t\t\t\t\t<h2 class=\"elementor-heading-title elementor-size-default\">In\u00eas Neves Caldas<\/h2>\t\t\t\t<\/div>\n\t\t\t\t<div class=\"elementor-element elementor-element-c371de4 elementor-widget elementor-widget-heading\" data-id=\"c371de4\" data-element_type=\"widget\" data-e-type=\"widget\" data-widget_type=\"heading.default\">\n\t\t\t\t\t<h2 class=\"elementor-heading-title elementor-size-default\">Psiquiatra e Psicoterapeuta<\/h2>\t\t\t\t<\/div>\n\t\t\t\t<div class=\"elementor-element elementor-element-c2a5af2 elementor-widget elementor-widget-heading\" data-id=\"c2a5af2\" data-element_type=\"widget\" data-e-type=\"widget\" data-widget_type=\"heading.default\">\n\t\t\t\t\t<h2 class=\"elementor-heading-title elementor-size-default\">OM 62496 <\/h2>\t\t\t\t<\/div>\n\t\t\t\t<div class=\"elementor-element elementor-element-fdd4ce1 elementor-widget elementor-widget-text-editor\" data-id=\"fdd4ce1\" data-element_type=\"widget\" data-e-type=\"widget\" data-widget_type=\"text-editor.default\">\n\t\t\t\t\t\t\t\t\t<p>Desde cedo soube que o meu caminho ia passar pelo cuidado da sa\u00fade mental e, como tal, a decis\u00e3o de me tornar Psiquiatra foi uma escolha tranquila e segura.<\/p><p>\u00a0<\/p><p>Fiz o est\u00e1gio do internato de forma\u00e7\u00e3o espec\u00edfica no Centro Hospitalar Psiqui\u00e1trico de Lisboa e ao longo do tempo fui apostando sempre na aprendizagem cont\u00ednua:<\/p>\t\t\t\t\t\t\t\t<\/div>\n\t\t\t\t<\/div>\n\t\t<div class=\"elementor-element elementor-element-3c41960 e-con-full e-flex e-con e-child\" data-id=\"3c41960\" data-element_type=\"container\" data-e-type=\"container\">\n\t\t\t\t<div class=\"elementor-element elementor-element-d4a0995 elementor-widget elementor-widget-image\" data-id=\"d4a0995\" data-element_type=\"widget\" data-e-type=\"widget\" data-widget_type=\"image.default\">\n\t\t\t\t\t\t\t\t\t\t\t\t\t\t\t<img fetchpriority=\"high\" decoding=\"async\" width=\"800\" height=\"618\" src=\"https:\/\/inescaldas.cbraga.pt\/wp-content\/uploads\/2026\/04\/Vector-9.png\" class=\"attachment-large size-large wp-image-1266\" alt=\"\" srcset=\"https:\/\/inescaldas.cbraga.pt\/wp-content\/uploads\/2026\/04\/Vector-9.png 882w, https:\/\/inescaldas.cbraga.pt\/wp-content\/uploads\/2026\/04\/Vector-9-300x232.png 300w, https:\/\/inescaldas.cbraga.pt\/wp-content\/uploads\/2026\/04\/Vector-9-768x593.png 768w, https:\/\/inescaldas.cbraga.pt\/wp-content\/uploads\/2026\/04\/Vector-9-16x12.png 16w, https:\/\/inescaldas.cbraga.pt\/wp-content\/uploads\/2026\/04\/Vector-9-600x463.png 600w\" sizes=\"(max-width: 800px) 100vw, 800px\" \/>\t\t\t\t\t\t\t\t\t\t\t\t\t\t\t<\/div>\n\t\t\t\t<\/div>\n\t\t\t\t<\/div>\n\t\t\t\t\t<\/div>\n\t\t\t\t<\/div>\n\t\t<div class=\"elementor-element elementor-element-55a939d e-flex e-con-boxed e-con e-parent\" data-id=\"55a939d\" data-element_type=\"container\" data-e-type=\"container\">\n\t\t\t\t\t<div class=\"e-con-inner\">\n\t\t<div class=\"elementor-element elementor-element-3469e3d e-con-full e-flex e-con e-child\" data-id=\"3469e3d\" data-element_type=\"container\" data-e-type=\"container\">\n\t\t\t\t<div class=\"elementor-element elementor-element-9695499 elementor-widget elementor-widget-image\" data-id=\"9695499\" data-element_type=\"widget\" data-e-type=\"widget\" data-widget_type=\"image.default\">\n\t\t\t\t\t\t\t\t\t\t\t\t\t\t\t<img decoding=\"async\" width=\"544\" height=\"1024\" src=\"https:\/\/inescaldas.cbraga.pt\/wp-content\/uploads\/2026\/04\/Group-1.svg\" class=\"attachment-large size-large wp-image-1272\" alt=\"\" \/>\t\t\t\t\t\t\t\t\t\t\t\t\t\t\t<\/div>\n\t\t\t\t<\/div>\n\t\t<div class=\"elementor-element elementor-element-3bd5db9 e-con-full e-flex e-con e-child\" data-id=\"3bd5db9\" data-element_type=\"container\" data-e-type=\"container\">\n\t\t\t\t<div class=\"elementor-element elementor-element-b9ec194 elementor-widget elementor-widget-text-editor\" data-id=\"b9ec194\" data-element_type=\"widget\" data-e-type=\"widget\" data-widget_type=\"text-editor.default\">\n\t\t\t\t\t\t\t\t\t<p>No seguimento do meu interesse pelo comportamento alimentar, <strong>co-fundei em 2023 a equipa DOCA<\/strong>, cuja miss\u00e3o \u00e9 ajudar no tratamento destas perturba\u00e7\u00f5es atrav\u00e9s de uma abordagem integrativa.<\/p><p>\u00a0<\/p><p>Como Psiquiatra e Psicoterapeuta, acredito que a minha miss\u00e3o \u00e9 criar um local seguro e confort\u00e1vel para guiar os meus clientes no seu caminho por uma vida mais tranquila e equilibrada.<\/p>\t\t\t\t\t\t\t\t<\/div>\n\t\t\t\t<\/div>\n\t\t\t\t\t<\/div>\n\t\t\t\t<\/div>\n\t\t<div class=\"elementor-element elementor-element-05306bc e-flex e-con-boxed e-con e-parent\" data-id=\"05306bc\" data-element_type=\"container\" data-e-type=\"container\" data-settings=\"{&quot;background_background&quot;:&quot;classic&quot;}\">\n\t\t\t\t\t<div class=\"e-con-inner\">\n\t\t<div class=\"elementor-element elementor-element-837e8c2 e-con-full e-grid e-con e-child\" data-id=\"837e8c2\" data-element_type=\"container\" data-e-type=\"container\">\n\t\t<div class=\"elementor-element elementor-element-2cfabd1 e-con-full e-flex e-con e-child\" data-id=\"2cfabd1\" data-element_type=\"container\" data-e-type=\"container\">\n\t\t\t\t<div class=\"elementor-element elementor-element-a856cbb elementor-widget elementor-widget-heading\" data-id=\"a856cbb\" data-element_type=\"widget\" data-e-type=\"widget\" data-widget_type=\"heading.default\">\n\t\t\t\t\t<h2 class=\"elementor-heading-title elementor-size-default\">Sobre a minha equipa<\/h2>\t\t\t\t<\/div>\n\t\t\t\t<div class=\"elementor-element elementor-element-cdcddba elementor-widget elementor-widget-text-editor\" data-id=\"cdcddba\" data-element_type=\"widget\" data-e-type=\"widget\" data-widget_type=\"text-editor.default\">\n\t\t\t\t\t\t\t\t\t<p>Creio que o acompanhamento de cada cliente deve basear-se numa rela\u00e7\u00e3o de conhecimento e confian\u00e7a com o seu Psiquiatra e Psic\u00f3logo. Contando, ainda, com apoio multidisciplinar e aliando o rigor cient\u00edfico ao respeito pelo ritmo e tempo da pessoa que procura este acompanhamento.<\/p>\t\t\t\t\t\t\t\t<\/div>\n\t\t\t\t<\/div>\n\t\t\t\t<div class=\"elementor-element elementor-element-3a97a4d elementor-align-center elementor-widget elementor-widget-button\" data-id=\"3a97a4d\" data-element_type=\"widget\" data-e-type=\"widget\" data-widget_type=\"button.default\">\n\t\t\t\t\t\t\t\t\t\t<a class=\"elementor-button elementor-button-link elementor-size-sm\" href=\"https:\/\/kconline.kiubo.pt\/portalutente\/psinc\/appointment\" target=\"_blank\" rel=\"nofollow\">\n\t\t\t\t\t\t<span class=\"elementor-button-content-wrapper\">\n\t\t\t\t\t\t\t\t\t<span class=\"elementor-button-text\">marcar consulta<\/span>\n\t\t\t\t\t<\/span>\n\t\t\t\t\t<\/a>\n\t\t\t\t\t\t\t\t<\/div>\n\t\t\t\t<\/div>\n\t\t<div class=\"elementor-element elementor-element-d3b511e e-con-full e-grid e-con e-child\" data-id=\"d3b511e\" data-element_type=\"container\" data-e-type=\"container\">\n\t\t\t\t<div class=\"elementor-element elementor-element-828ecda elementor-widget elementor-widget-image\" data-id=\"828ecda\" data-element_type=\"widget\" data-e-type=\"widget\" data-widget_type=\"image.default\">\n\t\t\t\t\t\t\t\t\t\t\t\t\t\t\t<img decoding=\"async\" width=\"618\" height=\"599\" src=\"https:\/\/inescaldas.cbraga.pt\/wp-content\/uploads\/2026\/04\/Vector-10.png\" class=\"attachment-large size-large wp-image-1278\" alt=\"\" srcset=\"https:\/\/inescaldas.cbraga.pt\/wp-content\/uploads\/2026\/04\/Vector-10.png 618w, https:\/\/inescaldas.cbraga.pt\/wp-content\/uploads\/2026\/04\/Vector-10-300x291.png 300w, https:\/\/inescaldas.cbraga.pt\/wp-content\/uploads\/2026\/04\/Vector-10-12x12.png 12w, https:\/\/inescaldas.cbraga.pt\/wp-content\/uploads\/2026\/04\/Vector-10-600x582.png 600w\" sizes=\"(max-width: 618px) 100vw, 618px\" \/>\t\t\t\t\t\t\t\t\t\t\t\t\t\t\t<\/div>\n\t\t<div class=\"elementor-element elementor-element-e5f5bfd e-con-full e-flex e-con e-child\" data-id=\"e5f5bfd\" data-element_type=\"container\" data-e-type=\"container\">\n\t\t\t\t<div class=\"elementor-element elementor-element-121be40 elementor-widget elementor-widget-heading\" data-id=\"121be40\" data-element_type=\"widget\" data-e-type=\"widget\" data-widget_type=\"heading.default\">\n\t\t\t\t\t<h2 class=\"elementor-heading-title elementor-size-default\">Marta Oliveira Dias<\/h2>\t\t\t\t<\/div>\n\t\t\t\t<div class=\"elementor-element elementor-element-d80a4ac elementor-widget elementor-widget-heading\" data-id=\"d80a4ac\" data-element_type=\"widget\" data-e-type=\"widget\" data-widget_type=\"heading.default\">\n\t\t\t\t\t<h2 class=\"elementor-heading-title elementor-size-default\">Clinical Psychologist<\/h2>\t\t\t\t<\/div>\n\t\t\t\t<div class=\"elementor-element elementor-element-18627f2 elementor-widget elementor-widget-heading\" data-id=\"18627f2\" data-element_type=\"widget\" data-e-type=\"widget\" data-widget_type=\"heading.default\">\n\t\t\t\t\t<h2 class=\"elementor-heading-title elementor-size-default\">OP 023231<\/h2>\t\t\t\t<\/div>\n\t\t\t\t<div class=\"elementor-element elementor-element-1220ac4 elementor-widget elementor-widget-text-editor\" data-id=\"1220ac4\" data-element_type=\"widget\" data-e-type=\"widget\" data-widget_type=\"text-editor.default\">\n\t\t\t\t\t\t\t\t\t<p>Para a Marta, a rela\u00e7\u00e3o entre Psic\u00f3logo e cliente deve ser constru\u00edda com confian\u00e7a e proximidade, servindo como base para a transforma\u00e7\u00e3o desejada.<\/p><p>\u00a0<\/p><p>O seu interesse pela Psicologia surgiu da sua inerente curiosidade intelectual, mas, acima de tudo, do papel indispens\u00e1vel que a Psicologia teve e continua a ter na sua vida.<\/p><p>\u00a0<\/p><p>Para al\u00e9m da sua experi\u00eancia em contexto hospitalar no Centro Hospitalar de Lisboa Ocidental, a Marta conta ainda com uma p\u00f3s-gradua\u00e7\u00e3o em Perturba\u00e7\u00f5es do Comportamento Alimentar pela Universidade Europeia e forma\u00e7\u00e3o em terapias de terceira gera\u00e7\u00e3o baseadas em Mindfulness.<\/p><p>\u00a0<\/p><p>A Marta \u00e9 um membro indispens\u00e1vel da minha equipa, que complementa e traz valor a todos os processos em que est\u00e1 envolvida. Acredita que a Psicologia \u00e9 uma ci\u00eancia que muda vidas, e a Marta est\u00e1 pronta para mudar a sua, tamb\u00e9m.<\/p>\t\t\t\t\t\t\t\t<\/div>\n\t\t\t\t<\/div>\n\t\t\t\t<\/div>\n\t\t<div class=\"elementor-element elementor-element-b7871a0 e-con-full e-grid e-con e-child\" data-id=\"b7871a0\" data-element_type=\"container\" data-e-type=\"container\">\n\t\t<div class=\"elementor-element elementor-element-0c4c4f3 e-con-full e-flex e-con e-child\" data-id=\"0c4c4f3\" data-element_type=\"container\" data-e-type=\"container\">\n\t\t\t\t<div class=\"elementor-element elementor-element-cb18459 elementor-widget elementor-widget-heading\" data-id=\"cb18459\" data-element_type=\"widget\" data-e-type=\"widget\" data-widget_type=\"heading.default\">\n\t\t\t\t\t<h2 class=\"elementor-heading-title elementor-size-default\">Rute Aguilar<\/h2>\t\t\t\t<\/div>\n\t\t\t\t<div class=\"elementor-element elementor-element-7c38bd8 elementor-widget elementor-widget-heading\" data-id=\"7c38bd8\" data-element_type=\"widget\" data-e-type=\"widget\" data-widget_type=\"heading.default\">\n\t\t\t\t\t<h2 class=\"elementor-heading-title elementor-size-default\">Clinical Psychologist<\/h2>\t\t\t\t<\/div>\n\t\t\t\t<div class=\"elementor-element elementor-element-315a790 elementor-widget elementor-widget-heading\" data-id=\"315a790\" data-element_type=\"widget\" data-e-type=\"widget\" data-widget_type=\"heading.default\">\n\t\t\t\t\t<h2 class=\"elementor-heading-title elementor-size-default\">OP 16413<\/h2>\t\t\t\t<\/div>\n\t\t\t\t<div class=\"elementor-element elementor-element-f625b58 elementor-widget elementor-widget-text-editor\" data-id=\"f625b58\" data-element_type=\"widget\" data-e-type=\"widget\" data-widget_type=\"text-editor.default\">\n\t\t\t\t\t\t\t\t\t<p>A Rute defende um acompanhamento baseado numa abordagem neuroafirmativa que valoriza a diversidade neurol\u00f3gica como parte da riqueza humana, construindo uma rela\u00e7\u00e3o de confian\u00e7a com base na autenticidade e no respeito.<\/p><p>\u00a0<\/p><p>A sua especializa\u00e7\u00e3o em Terapia Familiar \u00e9 um excelente complemento \u00e0 nossa equipa, bem como o seu foco na \u00e1rea da neurodiversidade, sobretudo em PHDA e Autismo no Adulto.<\/p><p>\u00a0<\/p><p>As forma\u00e7\u00f5es da Rute incluem: EMDR (Eye Movement Desensitization and Reprocessing); Terapias Cognitivo-Comportamentais com crian\u00e7as, adolescentes e adultos; Terapia de Aceita\u00e7\u00e3o e Compromisso; e forma\u00e7\u00f5es internacionais com Tony Attwood, Michelle Garnett e na Psychwire em autismo, PHDA e fun\u00e7\u00f5es executivas.<\/p><p>\u00a0<\/p><p>Com a Rute, cada cliente \u00e9 recebido num espa\u00e7o terap\u00eautico seguro e inclusivo e \u00e9 acompanhado no seu crescimento e bem-estar.<\/p><p>\u00a0<\/p><p>A Rute \u00e9 um membro imprescind\u00edvel da minha equipa, cujo ponto de vista \u00e9 cada vez mais relevante e necess\u00e1rio.<\/p>\t\t\t\t\t\t\t\t<\/div>\n\t\t\t\t<\/div>\n\t\t\t\t<div class=\"elementor-element elementor-element-19d1c0a elementor-widget elementor-widget-image\" data-id=\"19d1c0a\" data-element_type=\"widget\" data-e-type=\"widget\" data-widget_type=\"image.default\">\n\t\t\t\t\t\t\t\t\t\t\t\t\t\t\t<img loading=\"lazy\" decoding=\"async\" width=\"462\" height=\"708\" src=\"https:\/\/inescaldas.cbraga.pt\/wp-content\/uploads\/2026\/04\/Vector-11.png\" class=\"attachment-large size-large wp-image-1279\" alt=\"\" srcset=\"https:\/\/inescaldas.cbraga.pt\/wp-content\/uploads\/2026\/04\/Vector-11.png 462w, https:\/\/inescaldas.cbraga.pt\/wp-content\/uploads\/2026\/04\/Vector-11-196x300.png 196w, https:\/\/inescaldas.cbraga.pt\/wp-content\/uploads\/2026\/04\/Vector-11-8x12.png 8w\" sizes=\"(max-width: 462px) 100vw, 462px\" \/>\t\t\t\t\t\t\t\t\t\t\t\t\t\t\t<\/div>\n\t\t\t\t<\/div>\n\t\t<div class=\"elementor-element elementor-element-c4a081b e-con-full e-grid e-con e-child\" data-id=\"c4a081b\" data-element_type=\"container\" data-e-type=\"container\">\n\t\t\t\t<div class=\"elementor-element elementor-element-b83fcc2 elementor-widget elementor-widget-image\" data-id=\"b83fcc2\" data-element_type=\"widget\" data-e-type=\"widget\" data-widget_type=\"image.default\">\n\t\t\t\t\t\t\t\t\t\t\t\t\t\t\t<img loading=\"lazy\" decoding=\"async\" width=\"528\" height=\"491\" src=\"https:\/\/inescaldas.cbraga.pt\/wp-content\/uploads\/2026\/04\/Vector-19.png\" class=\"attachment-large size-large wp-image-1280\" alt=\"\" srcset=\"https:\/\/inescaldas.cbraga.pt\/wp-content\/uploads\/2026\/04\/Vector-19.png 528w, https:\/\/inescaldas.cbraga.pt\/wp-content\/uploads\/2026\/04\/Vector-19-300x279.png 300w, https:\/\/inescaldas.cbraga.pt\/wp-content\/uploads\/2026\/04\/Vector-19-13x12.png 13w\" sizes=\"(max-width: 528px) 100vw, 528px\" \/>\t\t\t\t\t\t\t\t\t\t\t\t\t\t\t<\/div>\n\t\t<div class=\"elementor-element elementor-element-fecbfa0 e-con-full e-flex e-con e-child\" data-id=\"fecbfa0\" data-element_type=\"container\" data-e-type=\"container\">\n\t\t\t\t<div class=\"elementor-element elementor-element-137a286 elementor-widget elementor-widget-heading\" data-id=\"137a286\" data-element_type=\"widget\" data-e-type=\"widget\" data-widget_type=\"heading.default\">\n\t\t\t\t\t<h2 class=\"elementor-heading-title elementor-size-default\">Ana Garcia<\/h2>\t\t\t\t<\/div>\n\t\t\t\t<div class=\"elementor-element elementor-element-45797d6 elementor-widget elementor-widget-heading\" data-id=\"45797d6\" data-element_type=\"widget\" data-e-type=\"widget\" data-widget_type=\"heading.default\">\n\t\t\t\t\t<h2 class=\"elementor-heading-title elementor-size-default\">Assistente Virtual<\/h2>\t\t\t\t<\/div>\n\t\t\t\t<div class=\"elementor-element elementor-element-8d6afb2 elementor-widget elementor-widget-text-editor\" data-id=\"8d6afb2\" data-element_type=\"widget\" data-e-type=\"widget\" data-widget_type=\"text-editor.default\">\n\t\t\t\t\t\t\t\t\t<p>O fundamental, para a Ana, \u00e9 conseguir apoiar os nossos clientes em qualquer quest\u00e3o necess\u00e1ria, desde encaminhar pedidos a agendar consultas e garantir que a comunica\u00e7\u00e3o flui facilmente.<\/p><p>\u00a0<\/p><p>Licenciada em Ci\u00eancia Pol\u00edtica e Rela\u00e7\u00f5es Internacionais e mestre em Guerra de Informa\u00e7\u00e3o e Competitive Intelligence, a Ana tem mais de 14 anos de experi\u00eancia em gest\u00e3o comercial e apoio ao cliente.<\/p><p>\u00a0<\/p><p>O suporte da Ana \u00e9 essencial para conseguir gerir a nossa pr\u00e1tica cl\u00ednica, sendo um membro da equipa fulcral para garantir que todos os clientes recebem o tratamento que privilegiamos.PP<\/p>\t\t\t\t\t\t\t\t<\/div>\n\t\t\t\t<\/div>\n\t\t\t\t<\/div>\n\t\t<div class=\"elementor-element elementor-element-8e49257 e-con-full e-flex e-con e-child\" data-id=\"8e49257\" data-element_type=\"container\" data-e-type=\"container\" data-settings=\"{&quot;background_background&quot;:&quot;classic&quot;}\">\n\t\t<div class=\"elementor-element elementor-element-b8e9718 e-con-full e-flex e-con e-child\" data-id=\"b8e9718\" data-element_type=\"container\" data-e-type=\"container\">\n\t\t\t\t<div class=\"elementor-element elementor-element-22dc892 elementor-widget elementor-widget-heading\" data-id=\"22dc892\" data-element_type=\"widget\" data-e-type=\"widget\" data-widget_type=\"heading.default\">\n\t\t\t\t\t<h2 class=\"elementor-heading-title elementor-size-default\">Consultations<\/h2>\t\t\t\t<\/div>\n\t\t\t\t<div class=\"elementor-element elementor-element-3fb09bc elementor-widget elementor-widget-heading\" data-id=\"3fb09bc\" data-element_type=\"widget\" data-e-type=\"widget\" data-widget_type=\"heading.default\">\n\t\t\t\t\t<h2 class=\"elementor-heading-title elementor-size-default\">Eu e a minha equipa estamos dispon\u00edveis para o receber tanto <strong>presencialmente<\/strong> em Lisboa, como <strong>online.<\/strong><\/h2>\t\t\t\t<\/div>\n\t\t\t\t<\/div>\n\t\t<div class=\"elementor-element elementor-element-48a461f e-con-full e-grid e-con e-child\" data-id=\"48a461f\" data-element_type=\"container\" data-e-type=\"container\">\n\t\t\t\t<div class=\"elementor-element elementor-element-ec2e45d elementor-icon-list--layout-traditional elementor-list-item-link-full_width elementor-widget elementor-widget-icon-list\" data-id=\"ec2e45d\" data-element_type=\"widget\" data-e-type=\"widget\" data-widget_type=\"icon-list.default\">\n\t\t\t\t\t\t\t<ul class=\"elementor-icon-list-items\">\n\t\t\t\t\t\t\t<li class=\"elementor-icon-list-item\">\n\t\t\t\t\t\t\t\t\t\t\t<a href=\"tel:928%20165%20937\">\n\n\t\t\t\t\t\t\t\t\t\t\t\t<span class=\"elementor-icon-list-icon\">\n\t\t\t\t\t\t\t<svg aria-hidden=\"true\" class=\"e-font-icon-svg e-fas-phone-alt\" viewbox=\"0 0 512 512\" xmlns=\"http:\/\/www.w3.org\/2000\/svg\"><path d=\"M497.39 361.8l-112-48a24 24 0 0 0-28 6.9l-49.6 60.6A370.66 370.66 0 0 1 130.6 204.11l60.6-49.6a23.94 23.94 0 0 0 6.9-28l-48-112A24.16 24.16 0 0 0 122.6.61l-104 24A24 24 0 0 0 0 48c0 256.5 207.9 464 464 464a24 24 0 0 0 23.4-18.6l24-104a24.29 24.29 0 0 0-14.01-27.6z\"><\/path><\/svg>\t\t\t\t\t\t<\/span>\n\t\t\t\t\t\t\t\t\t\t<span class=\"elementor-icon-list-text\">928 165 937<\/span>\n\t\t\t\t\t\t\t\t\t\t\t<\/a>\n\t\t\t\t\t\t\t\t\t<\/li>\n\t\t\t\t\t\t\t\t<li class=\"elementor-icon-list-item\">\n\t\t\t\t\t\t\t\t\t\t\t<a href=\"mailto:geral@inesnevescaldas.pt\">\n\n\t\t\t\t\t\t\t\t\t\t\t\t<span class=\"elementor-icon-list-icon\">\n\t\t\t\t\t\t\t<svg aria-hidden=\"true\" class=\"e-font-icon-svg e-far-envelope\" viewbox=\"0 0 512 512\" xmlns=\"http:\/\/www.w3.org\/2000\/svg\"><path d=\"M464 64H48C21.49 64 0 85.49 0 112v288c0 26.51 21.49 48 48 48h416c26.51 0 48-21.49 48-48V112c0-26.51-21.49-48-48-48zm0 48v40.805c-22.422 18.259-58.168 46.651-134.587 106.49-16.841 13.247-50.201 45.072-73.413 44.701-23.208.375-56.579-31.459-73.413-44.701C106.18 199.465 70.425 171.067 48 152.805V112h416zM48 400V214.398c22.914 18.251 55.409 43.862 104.938 82.646 21.857 17.205 60.134 55.186 103.062 54.955 42.717.231 80.509-37.199 103.053-54.947 49.528-38.783 82.032-64.401 104.947-82.653V400H48z\"><\/path><\/svg>\t\t\t\t\t\t<\/span>\n\t\t\t\t\t\t\t\t\t\t<span class=\"elementor-icon-list-text\">geral@inesnevescaldas.pt<\/span>\n\t\t\t\t\t\t\t\t\t\t\t<\/a>\n\t\t\t\t\t\t\t\t\t<\/li>\n\t\t\t\t\t\t<\/ul>\n\t\t\t\t\t\t<\/div>\n\t\t\t\t<div class=\"elementor-element elementor-element-6384ee9 elementor-icon-list--layout-traditional elementor-list-item-link-full_width elementor-widget elementor-widget-icon-list\" data-id=\"6384ee9\" data-element_type=\"widget\" data-e-type=\"widget\" data-widget_type=\"icon-list.default\">\n\t\t\t\t\t\t\t<ul class=\"elementor-icon-list-items\">\n\t\t\t\t\t\t\t<li class=\"elementor-icon-list-item\">\n\t\t\t\t\t\t\t\t\t\t\t<span class=\"elementor-icon-list-icon\">\n\t\t\t\t\t\t\t<svg aria-hidden=\"true\" class=\"e-font-icon-svg e-fas-map-marker\" viewbox=\"0 0 384 512\" xmlns=\"http:\/\/www.w3.org\/2000\/svg\"><path d=\"M172.268 501.67C26.97 291.031 0 269.413 0 192 0 85.961 85.961 0 192 0s192 85.961 192 192c0 77.413-26.97 99.031-172.268 309.67-9.535 13.774-29.93 13.773-39.464 0z\"><\/path><\/svg>\t\t\t\t\t\t<\/span>\n\t\t\t\t\t\t\t\t\t\t<span class=\"elementor-icon-list-text\">R. Prof. Sim\u00f5es Raposo 8A,<br> 1600-661 Lisboa<\/span>\n\t\t\t\t\t\t\t\t\t<\/li>\n\t\t\t\t\t\t<\/ul>\n\t\t\t\t\t\t<\/div>\n\t\t\t\t<div class=\"elementor-element elementor-element-ef9467d elementor-align-right elementor-widget elementor-widget-button\" data-id=\"ef9467d\" data-element_type=\"widget\" data-e-type=\"widget\" data-widget_type=\"button.default\">\n\t\t\t\t\t\t\t\t\t\t<a class=\"elementor-button elementor-button-link elementor-size-sm\" href=\"https:\/\/kconline.kiubo.pt\/portalutente\/psinc\/appointment\" target=\"_blank\" rel=\"nofollow\">\n\t\t\t\t\t\t<span class=\"elementor-button-content-wrapper\">\n\t\t\t\t\t\t\t\t\t<span class=\"elementor-button-text\">marcar consulta<\/span>\n\t\t\t\t\t<\/span>\n\t\t\t\t\t<\/a>\n\t\t\t\t\t\t\t\t<\/div>\n\t\t\t\t<\/div>\n\t\t\t\t<\/div>\n\t\t\t\t\t<\/div>\n\t\t\t\t<\/div>\n\t\t\t\t<\/div>","protected":false},"excerpt":{"rendered":"<p>In\u00eas Neves Caldas Psiquiatra e Psicoterapeuta OM 62496 Desde cedo soube que o meu caminho ia passar pelo cuidado da sa\u00fade mental e, como tal, a decis\u00e3o de me tornar Psiquiatra foi uma escolha tranquila e segura. \u00a0 Fiz o est\u00e1gio do internato de forma\u00e7\u00e3o espec\u00edfica no Centro Hospitalar Psiqui\u00e1trico de Lisboa e ao longo [&hellip;]<\/p>\n","protected":false},"author":2,"featured_media":16,"parent":0,"menu_order":1,"comment_status":"closed","ping_status":"closed","template":"","meta":{"footnotes":""},"class_list":["post-73","page","type-page","status-publish","has-post-thumbnail","hentry"],"_links":{"self":[{"href":"https:\/\/inescaldas.cbraga.pt\/en\/wp-json\/wp\/v2\/pages\/73","targetHints":{"allow":["GET"]}}],"collection":[{"href":"https:\/\/inescaldas.cbraga.pt\/en\/wp-json\/wp\/v2\/pages"}],"about":[{"href":"https:\/\/inescaldas.cbraga.pt\/en\/wp-json\/wp\/v2\/types\/page"}],"author":[{"embeddable":true,"href":"https:\/\/inescaldas.cbraga.pt\/en\/wp-json\/wp\/v2\/users\/2"}],"replies":[{"embeddable":true,"href":"https:\/\/inescaldas.cbraga.pt\/en\/wp-json\/wp\/v2\/comments?post=73"}],"version-history":[{"count":94,"href":"https:\/\/inescaldas.cbraga.pt\/en\/wp-json\/wp\/v2\/pages\/73\/revisions"}],"predecessor-version":[{"id":1575,"href":"https:\/\/inescaldas.cbraga.pt\/en\/wp-json\/wp\/v2\/pages\/73\/revisions\/1575"}],"wp:featuredmedia":[{"embeddable":true,"href":"https:\/\/inescaldas.cbraga.pt\/en\/wp-json\/wp\/v2\/media\/16"}],"wp:attachment":[{"href":"https:\/\/inescaldas.cbraga.pt\/en\/wp-json\/wp\/v2\/media?parent=73"}],"curies":[{"name":"wp","href":"https:\/\/api.w.org\/{rel}","templated":true}]}}