{"id":333,"date":"2025-08-01T12:08:05","date_gmt":"2025-08-01T12:08:05","guid":{"rendered":"https:\/\/inesnevescaldas.com\/?page_id=333"},"modified":"2026-04-03T17:35:50","modified_gmt":"2026-04-03T17:35:50","slug":"e-book","status":"publish","type":"page","link":"https:\/\/inescaldas.cbraga.pt\/en\/e-book\/","title":{"rendered":"E-book"},"content":{"rendered":"<div data-elementor-type=\"wp-page\" data-elementor-id=\"333\" class=\"elementor elementor-333\" data-elementor-post-type=\"page\">\n\t\t\t\t<div class=\"elementor-element elementor-element-e749ad2 e-flex e-con-boxed e-con e-parent\" data-id=\"e749ad2\" data-element_type=\"container\" data-e-type=\"container\">\n\t\t\t\t\t<div class=\"e-con-inner\">\n\t\t<div class=\"elementor-element elementor-element-516fefc e-con-full e-flex e-con e-child\" data-id=\"516fefc\" data-element_type=\"container\" data-e-type=\"container\">\n\t\t\t\t<div class=\"elementor-element elementor-element-4a7c8b9 elementor-widget elementor-widget-heading\" data-id=\"4a7c8b9\" data-element_type=\"widget\" data-e-type=\"widget\" data-widget_type=\"heading.default\">\n\t\t\t\t\t<h2 class=\"elementor-heading-title elementor-size-default\">Understand and Demystify <\/h2>\t\t\t\t<\/div>\n\t\t\t\t<div class=\"elementor-element elementor-element-6e6a663 elementor-widget elementor-widget-heading\" data-id=\"6e6a663\" data-element_type=\"widget\" data-e-type=\"widget\" data-widget_type=\"heading.default\">\n\t\t\t\t\t<h2 class=\"elementor-heading-title elementor-size-default\">Eating Disorders<\/h2>\t\t\t\t<\/div>\n\t\t\t\t<div class=\"elementor-element elementor-element-3de10d8 elementor-widget elementor-widget-button\" data-id=\"3de10d8\" data-element_type=\"widget\" data-e-type=\"widget\" data-widget_type=\"button.default\">\n\t\t\t\t\t\t\t\t\t\t<a class=\"elementor-button elementor-button-link elementor-size-sm\" href=\"#\">\n\t\t\t\t\t\t<span class=\"elementor-button-content-wrapper\">\n\t\t\t\t\t\t<span class=\"elementor-button-icon\">\n\t\t\t\t<svg aria-hidden=\"true\" class=\"e-font-icon-svg e-fas-shopping-cart\" viewbox=\"0 0 576 512\" xmlns=\"http:\/\/www.w3.org\/2000\/svg\"><path d=\"M528.12 301.319l47.273-208C578.806 78.301 567.391 64 551.99 64H159.208l-9.166-44.81C147.758 8.021 137.93 0 126.529 0H24C10.745 0 0 10.745 0 24v16c0 13.255 10.745 24 24 24h69.883l70.248 343.435C147.325 417.1 136 435.222 136 456c0 30.928 25.072 56 56 56s56-25.072 56-56c0-15.674-6.447-29.835-16.824-40h209.647C430.447 426.165 424 440.326 424 456c0 30.928 25.072 56 56 56s56-25.072 56-56c0-22.172-12.888-41.332-31.579-50.405l5.517-24.276c3.413-15.018-8.002-29.319-23.403-29.319H218.117l-6.545-32h293.145c11.206 0 20.92-7.754 23.403-18.681z\"><\/path><\/svg>\t\t\t<\/span>\n\t\t\t\t\t\t\t\t\t<span class=\"elementor-button-text\">comprar<\/span>\n\t\t\t\t\t<\/span>\n\t\t\t\t\t<\/a>\n\t\t\t\t\t\t\t\t<\/div>\n\t\t\t\t<\/div>\n\t\t<div class=\"elementor-element elementor-element-38ec67a e-con-full e-flex e-con e-child\" data-id=\"38ec67a\" data-element_type=\"container\" data-e-type=\"container\">\n\t\t\t\t<div class=\"elementor-element elementor-element-f4ee8fd elementor-widget elementor-widget-image\" data-id=\"f4ee8fd\" data-element_type=\"widget\" data-e-type=\"widget\" data-widget_type=\"image.default\">\n\t\t\t\t\t\t\t\t\t\t\t\t\t\t\t<img fetchpriority=\"high\" decoding=\"async\" width=\"614\" height=\"410\" src=\"https:\/\/inescaldas.cbraga.pt\/wp-content\/uploads\/2026\/04\/Group-8.png\" class=\"attachment-large size-large wp-image-1371\" alt=\"\" srcset=\"https:\/\/inescaldas.cbraga.pt\/wp-content\/uploads\/2026\/04\/Group-8.png 614w, https:\/\/inescaldas.cbraga.pt\/wp-content\/uploads\/2026\/04\/Group-8-300x200.png 300w, https:\/\/inescaldas.cbraga.pt\/wp-content\/uploads\/2026\/04\/Group-8-18x12.png 18w, https:\/\/inescaldas.cbraga.pt\/wp-content\/uploads\/2026\/04\/Group-8-600x401.png 600w\" sizes=\"(max-width: 614px) 100vw, 614px\" \/>\t\t\t\t\t\t\t\t\t\t\t\t\t\t\t<\/div>\n\t\t\t\t<div class=\"elementor-element elementor-element-3adb81e elementor-widget elementor-widget-heading\" data-id=\"3adb81e\" data-element_type=\"widget\" data-e-type=\"widget\" data-widget_type=\"heading.default\">\n\t\t\t\t\t<h2 class=\"elementor-heading-title elementor-size-default\">Este e-book nasceu para colmatar uma lacuna nas Perturba\u00e7\u00f5es do Comportamento Alimentar<\/h2>\t\t\t\t<\/div>\n\t\t\t\t<div class=\"elementor-element elementor-element-ef9ab40 elementor-widget elementor-widget-text-editor\" data-id=\"ef9ab40\" data-element_type=\"widget\" data-e-type=\"widget\" data-widget_type=\"text-editor.default\">\n\t\t\t\t\t\t\t\t\t<p>Existe pouca literatura em portugu\u00eas que apresente informa\u00e7\u00e3o clara e fundamentada. Na minha pr\u00e1tica, percebi que profissionais de sa\u00fade, familiares e as pr\u00f3prias pessoas com estas perturba\u00e7\u00f5es procuram compreend\u00ea-las melhor.<\/p><p>\u00a0<\/p><p>O guia desmistifica as PCA e explica sinais e sintomas, mitos, tratamentos e os riscos associados \u00e0 aus\u00eancia de acompanhamento adequado. Inclui ainda conselhos pr\u00e1ticos sobre como pedir ajuda, tanto para o pr\u00f3prio leitor como para algu\u00e9m pr\u00f3ximo.<\/p>\t\t\t\t\t\t\t\t<\/div>\n\t\t\t\t<\/div>\n\t\t\t\t\t<\/div>\n\t\t\t\t<\/div>\n\t\t<div class=\"elementor-element elementor-element-95bc5fd e-flex e-con-boxed e-con e-parent\" data-id=\"95bc5fd\" data-element_type=\"container\" data-e-type=\"container\">\n\t\t\t\t\t<div class=\"e-con-inner\">\n\t\t\t\t<div class=\"elementor-element elementor-element-69d299b elementor-widget elementor-widget-heading\" data-id=\"69d299b\" data-element_type=\"widget\" data-e-type=\"widget\" data-widget_type=\"heading.default\">\n\t\t\t\t\t<h2 class=\"elementor-heading-title elementor-size-default\">O que ir\u00e1 receber com este e-book?<\/h2>\t\t\t\t<\/div>\n\t\t<div class=\"elementor-element elementor-element-8ee1059 e-con-full e-flex e-con e-child\" data-id=\"8ee1059\" data-element_type=\"container\" data-e-type=\"container\">\n\t\t<div class=\"elementor-element elementor-element-d8169b3 e-con-full e-flex e-con e-child\" data-id=\"d8169b3\" data-element_type=\"container\" data-e-type=\"container\">\n\t\t\t\t<div class=\"elementor-element elementor-element-caab916 elementor-widget elementor-widget-image\" data-id=\"caab916\" data-element_type=\"widget\" data-e-type=\"widget\" data-widget_type=\"image.default\">\n\t\t\t\t\t\t\t\t\t\t\t\t\t\t\t<img decoding=\"async\" width=\"675\" height=\"953\" src=\"https:\/\/inescaldas.cbraga.pt\/wp-content\/uploads\/2026\/04\/Ebook-Compreender-PCA-1.png\" class=\"attachment-large size-large wp-image-1370\" alt=\"\" srcset=\"https:\/\/inescaldas.cbraga.pt\/wp-content\/uploads\/2026\/04\/Ebook-Compreender-PCA-1.png 675w, https:\/\/inescaldas.cbraga.pt\/wp-content\/uploads\/2026\/04\/Ebook-Compreender-PCA-1-212x300.png 212w, https:\/\/inescaldas.cbraga.pt\/wp-content\/uploads\/2026\/04\/Ebook-Compreender-PCA-1-8x12.png 8w, https:\/\/inescaldas.cbraga.pt\/wp-content\/uploads\/2026\/04\/Ebook-Compreender-PCA-1-600x847.png 600w\" sizes=\"(max-width: 675px) 100vw, 675px\" \/>\t\t\t\t\t\t\t\t\t\t\t\t\t\t\t<\/div>\n\t\t\t\t<\/div>\n\t\t<div class=\"elementor-element elementor-element-ae93d59 e-con-full e-flex e-con e-child\" data-id=\"ae93d59\" data-element_type=\"container\" data-e-type=\"container\">\n\t\t\t\t<div class=\"elementor-element elementor-element-a57bffb elementor-widget elementor-widget-text-editor\" data-id=\"a57bffb\" data-element_type=\"widget\" data-e-type=\"widget\" data-widget_type=\"text-editor.default\">\n\t\t\t\t\t\t\t\t\t<p>\u2014 Um guia claro e direto que explica, de forma acess\u00edvel, os v\u00e1rios tipos de Perturba\u00e7\u00f5es do Comportamento Alimentar;<\/p><p>\u00a0<\/p><p>\u2014 Orienta\u00e7\u00e3o para identificar sinais f\u00edsicos, emocionais e comportamentais;<\/p><p>\u00a0<\/p><p>\u2014 Informa\u00e7\u00e3o sobre o tratamento e como procurar ajuda adequada;<\/p><p>\u00a0<\/p><p>\u2014 Explica\u00e7\u00e3o das consequ\u00eancias das PCA n\u00e3o tratadas;<\/p><p>\u00a0<\/p><p>\u2014 Sugest\u00f5es sobre quando e como encaminhar algu\u00e9m em sofrimento;<\/p><p>\u00a0<\/p><p>\u2014 Dicas de comunica\u00e7\u00e3o: como falar com algu\u00e9m a viver com uma PCA (o que dizer, como abordar);<\/p><p>\u00a0<\/p><p>\u2014 Exerc\u00edcios pr\u00e1ticos para refletir sobre a pr\u00f3pria rela\u00e7\u00e3o com a comida, o corpo e a imagem;<\/p><p>\u00a0<\/p><p>\u2014 Conte\u00fados b\u00f3nus enviados por email, para aprofundar a sua reflex\u00e3o e pr\u00e1tica di\u00e1ria.<\/p>\t\t\t\t\t\t\t\t<\/div>\n\t\t<div class=\"elementor-element elementor-element-a2603a3 e-con-full e-flex e-con e-child\" data-id=\"a2603a3\" data-element_type=\"container\" data-e-type=\"container\">\n\t\t\t\t<div class=\"elementor-element elementor-element-00d3c00 elementor-widget elementor-widget-button\" data-id=\"00d3c00\" data-element_type=\"widget\" data-e-type=\"widget\" data-widget_type=\"button.default\">\n\t\t\t\t\t\t\t\t\t\t<a class=\"elementor-button elementor-button-link elementor-size-sm\" href=\"#\">\n\t\t\t\t\t\t<span class=\"elementor-button-content-wrapper\">\n\t\t\t\t\t\t<span class=\"elementor-button-icon\">\n\t\t\t\t<svg aria-hidden=\"true\" class=\"e-font-icon-svg e-fas-shopping-cart\" viewbox=\"0 0 576 512\" xmlns=\"http:\/\/www.w3.org\/2000\/svg\"><path d=\"M528.12 301.319l47.273-208C578.806 78.301 567.391 64 551.99 64H159.208l-9.166-44.81C147.758 8.021 137.93 0 126.529 0H24C10.745 0 0 10.745 0 24v16c0 13.255 10.745 24 24 24h69.883l70.248 343.435C147.325 417.1 136 435.222 136 456c0 30.928 25.072 56 56 56s56-25.072 56-56c0-15.674-6.447-29.835-16.824-40h209.647C430.447 426.165 424 440.326 424 456c0 30.928 25.072 56 56 56s56-25.072 56-56c0-22.172-12.888-41.332-31.579-50.405l5.517-24.276c3.413-15.018-8.002-29.319-23.403-29.319H218.117l-6.545-32h293.145c11.206 0 20.92-7.754 23.403-18.681z\"><\/path><\/svg>\t\t\t<\/span>\n\t\t\t\t\t\t\t\t\t<span class=\"elementor-button-text\">comprar<\/span>\n\t\t\t\t\t<\/span>\n\t\t\t\t\t<\/a>\n\t\t\t\t\t\t\t\t<\/div>\n\t\t\t\t<div class=\"elementor-element elementor-element-e1cea2b elementor-widget elementor-widget-heading\" data-id=\"e1cea2b\" data-element_type=\"widget\" data-e-type=\"widget\" data-widget_type=\"heading.default\">\n\t\t\t\t\t<h2 class=\"elementor-heading-title elementor-size-default\">22,<span style=\"font-size:24px\">50\u20ac<\/span><\/h2>\t\t\t\t<\/div>\n\t\t\t\t<\/div>\n\t\t\t\t<\/div>\n\t\t\t\t<\/div>\n\t\t\t\t\t<\/div>\n\t\t\t\t<\/div>\n\t\t\t\t<\/div>","protected":false},"excerpt":{"rendered":"<p>Compreender e Desmistificar Perturba\u00e7\u00f5es do Comportamento Alimentar comprar Este e-book nasceu para colmatar uma lacuna nas Perturba\u00e7\u00f5es do Comportamento Alimentar Existe pouca literatura em portugu\u00eas que apresente informa\u00e7\u00e3o clara e fundamentada. Na minha pr\u00e1tica, percebi que profissionais de sa\u00fade, familiares e as pr\u00f3prias pessoas com estas perturba\u00e7\u00f5es procuram compreend\u00ea-las melhor. \u00a0 O guia desmistifica as [&hellip;]<\/p>\n","protected":false},"author":2,"featured_media":0,"parent":0,"menu_order":5,"comment_status":"closed","ping_status":"closed","template":"","meta":{"footnotes":""},"class_list":["post-333","page","type-page","status-publish","hentry"],"_links":{"self":[{"href":"https:\/\/inescaldas.cbraga.pt\/en\/wp-json\/wp\/v2\/pages\/333","targetHints":{"allow":["GET"]}}],"collection":[{"href":"https:\/\/inescaldas.cbraga.pt\/en\/wp-json\/wp\/v2\/pages"}],"about":[{"href":"https:\/\/inescaldas.cbraga.pt\/en\/wp-json\/wp\/v2\/types\/page"}],"author":[{"embeddable":true,"href":"https:\/\/inescaldas.cbraga.pt\/en\/wp-json\/wp\/v2\/users\/2"}],"replies":[{"embeddable":true,"href":"https:\/\/inescaldas.cbraga.pt\/en\/wp-json\/wp\/v2\/comments?post=333"}],"version-history":[{"count":47,"href":"https:\/\/inescaldas.cbraga.pt\/en\/wp-json\/wp\/v2\/pages\/333\/revisions"}],"predecessor-version":[{"id":1383,"href":"https:\/\/inescaldas.cbraga.pt\/en\/wp-json\/wp\/v2\/pages\/333\/revisions\/1383"}],"wp:attachment":[{"href":"https:\/\/inescaldas.cbraga.pt\/en\/wp-json\/wp\/v2\/media?parent=333"}],"curies":[{"name":"wp","href":"https:\/\/api.w.org\/{rel}","templated":true}]}}