{"id":230,"date":"2025-07-31T15:50:15","date_gmt":"2025-07-31T15:50:15","guid":{"rendered":"https:\/\/inesnevescaldas.com\/?page_id=230"},"modified":"2026-04-03T16:01:40","modified_gmt":"2026-04-03T16:01:40","slug":"perguntas-frequentes","status":"publish","type":"page","link":"https:\/\/inescaldas.cbraga.pt\/en\/perguntas-frequentes\/","title":{"rendered":"Perguntas Frequentes"},"content":{"rendered":"<div data-elementor-type=\"wp-page\" data-elementor-id=\"230\" class=\"elementor elementor-230\" data-elementor-post-type=\"page\">\n\t\t\t\t<div class=\"elementor-element elementor-element-6e7f8c5 e-flex e-con-boxed e-con e-parent\" data-id=\"6e7f8c5\" data-element_type=\"container\" data-e-type=\"container\">\n\t\t\t\t\t<div class=\"e-con-inner\">\n\t\t<div class=\"elementor-element elementor-element-23fc3f0 e-con-full e-flex e-con e-child\" data-id=\"23fc3f0\" data-element_type=\"container\" data-e-type=\"container\">\n\t\t\t\t<div class=\"elementor-element elementor-element-ab0107e elementor-widget elementor-widget-heading\" data-id=\"ab0107e\" data-element_type=\"widget\" data-e-type=\"widget\" data-widget_type=\"heading.default\">\n\t\t\t\t\t<h2 class=\"elementor-heading-title elementor-size-default\">Perguntas Frequentes<\/h2>\t\t\t\t<\/div>\n\t\t\t\t<div class=\"elementor-element elementor-element-51cf848 elementor-widget elementor-widget-text-editor\" data-id=\"51cf848\" data-element_type=\"widget\" data-e-type=\"widget\" data-widget_type=\"text-editor.default\">\n\t\t\t\t\t\t\t\t\t<p>Encontre aqui as respostas para as d\u00favidas mais frequentes sobre as nossas consultas, agendamento e pagamentos.<\/p><p>\u00a0<\/p><p>Caso n\u00e3o encontre a resposta que procura, envie-nos mensagem atrav\u00e9s do formul\u00e1rio dispon\u00edvel na p\u00e1gina de Contactos, ligue ou envie mensagem por telefone (928 165 937, dias \u00fateis entre as 15:00 e as 18:00) ou envie um email (geral@inesnevescaldas.pt).<\/p>\t\t\t\t\t\t\t\t<\/div>\n\t\t\t\t<\/div>\n\t\t\t\t\t<\/div>\n\t\t\t\t<\/div>\n\t\t<div class=\"elementor-element elementor-element-d804a5a e-flex e-con-boxed e-con e-parent\" data-id=\"d804a5a\" data-element_type=\"container\" data-e-type=\"container\">\n\t\t\t\t\t<div class=\"e-con-inner\">\n\t\t\t\t<div class=\"elementor-element elementor-element-a3b896b elementor-widget elementor-widget-heading\" data-id=\"a3b896b\" data-element_type=\"widget\" data-e-type=\"widget\" data-widget_type=\"heading.default\">\n\t\t\t\t\t<h2 class=\"elementor-heading-title elementor-size-default\">Consultations<\/h2>\t\t\t\t<\/div>\n\t\t\t\t<div class=\"elementor-element elementor-element-60764ae elementor-widget elementor-widget-n-accordion\" data-id=\"60764ae\" data-element_type=\"widget\" data-e-type=\"widget\" data-settings=\"{&quot;default_state&quot;:&quot;all_collapsed&quot;,&quot;n_accordion_animation_duration&quot;:{&quot;unit&quot;:&quot;ms&quot;,&quot;size&quot;:150,&quot;sizes&quot;:[]},&quot;max_items_expended&quot;:&quot;one&quot;}\" data-widget_type=\"nested-accordion.default\">\n\t\t\t\t\t\t\t<div class=\"e-n-accordion\" aria-label=\"Accordion. Open links with Enter or Space, close with Escape, and navigate with Arrow Keys\">\n\t\t\t\t\t\t<details id=\"e-n-accordion-item-1010\" class=\"e-n-accordion-item\" >\n\t\t\t\t<summary class=\"e-n-accordion-item-title\" data-accordion-index=\"1\" tabindex=\"0\" aria-expanded=\"false\" aria-controls=\"e-n-accordion-item-1010\" >\n\t\t\t\t\t<span class='e-n-accordion-item-title-header'><div class=\"e-n-accordion-item-title-text\"> Qual a diferen\u00e7a entre as consultas de Psiquiatria e Psicoterapia? <\/div><\/span>\n\t\t\t\t\t\t\t\t\t<\/summary>\n\t\t\t\t<div role=\"region\" aria-labelledby=\"e-n-accordion-item-1010\" class=\"elementor-element elementor-element-482dad8 e-con-full e-flex e-con e-child\" data-id=\"482dad8\" data-element_type=\"container\" data-e-type=\"container\">\n\t\t\t\t<div class=\"elementor-element elementor-element-3e9d160 elementor-widget elementor-widget-text-editor\" data-id=\"3e9d160\" data-element_type=\"widget\" data-e-type=\"widget\" data-widget_type=\"text-editor.default\">\n\t\t\t\t\t\t\t\t\t<p>As consultas de Psiquiatria e de Psicoterapia t\u00eam pontos em comum e complementam-se.<\/p><p>\u00a0<\/p><p>Na consulta de Psiquiatria, conseguimos avaliar o estado de sa\u00fade mental do cliente, diagnosticar e, se tal for o caso, prescrever medica\u00e7\u00e3o. Estas consultas s\u00e3o mais pontuais, mas necess\u00e1rias para registar a evolu\u00e7\u00e3o e ajustar o tratamento.<\/p><p>\u00a0<\/p><p>Na consulta de Psicoterapia, realizamos um trabalho mais profundo, no qual exploramos como se sente. Estas consultas s\u00e3o mais regulares e permitem ao cliente descobrir novas formas de se relacionar consigo mesmo e com os outros.<\/p><p>\u00a0<\/p><p>Na grande parte dos casos, estas duas \u00e1reas s\u00e3o usadas em conjunto, permitindo o uso da medica\u00e7\u00e3o da consulta de Psiquiatria a otimiza\u00e7\u00e3o e interioriza\u00e7\u00e3o das aprendizagens e descobertas da consulta de Psicoterapia<\/p>\t\t\t\t\t\t\t\t<\/div>\n\t\t\t\t<\/div>\n\t\t\t\t\t<\/details>\n\t\t\t\t\t\t<details id=\"e-n-accordion-item-1011\" class=\"e-n-accordion-item\" >\n\t\t\t\t<summary class=\"e-n-accordion-item-title\" data-accordion-index=\"2\" tabindex=\"-1\" aria-expanded=\"false\" aria-controls=\"e-n-accordion-item-1011\" >\n\t\t\t\t\t<span class='e-n-accordion-item-title-header'><div class=\"e-n-accordion-item-title-text\"> Preciso de fazer acompanhamento de Psiquiatria e Psicologia em simult\u00e2neo ou \u00e9 poss\u00edvel marcar apenas uma especialidade? <\/div><\/span>\n\t\t\t\t\t\t\t\t\t<\/summary>\n\t\t\t\t<div role=\"region\" aria-labelledby=\"e-n-accordion-item-1011\" class=\"elementor-element elementor-element-ddc03d2 e-con-full e-flex e-con e-child\" data-id=\"ddc03d2\" data-element_type=\"container\" data-e-type=\"container\">\n\t\t\t\t<div class=\"elementor-element elementor-element-15a9a0e elementor-widget elementor-widget-text-editor\" data-id=\"15a9a0e\" data-element_type=\"widget\" data-e-type=\"widget\" data-widget_type=\"text-editor.default\">\n\t\t\t\t\t\t\t\t\t<p>\u00c9 poss\u00edvel realizar acompanhamento em apenas uma das especialidades, Psiquiatria ou Psicologia.<\/p><p>\u00a0<\/p><p>As consultas de Psicologia s\u00e3o asseguradas por profissionais da minha equipa, garantindo um acompanhamento exclusivamente psicol\u00f3gico ou, quando necess\u00e1rio, em articula\u00e7\u00e3o com as consultas de Psiquiatria.<\/p>\t\t\t\t\t\t\t\t<\/div>\n\t\t\t\t<\/div>\n\t\t\t\t\t<\/details>\n\t\t\t\t\t\t<details id=\"e-n-accordion-item-1012\" class=\"e-n-accordion-item\" >\n\t\t\t\t<summary class=\"e-n-accordion-item-title\" data-accordion-index=\"3\" tabindex=\"-1\" aria-expanded=\"false\" aria-controls=\"e-n-accordion-item-1012\" >\n\t\t\t\t\t<span class='e-n-accordion-item-title-header'><div class=\"e-n-accordion-item-title-text\"> Qual a diferen\u00e7a entre Psicoterapia e Psicologia? <\/div><\/span>\n\t\t\t\t\t\t\t\t\t<\/summary>\n\t\t\t\t<div role=\"region\" aria-labelledby=\"e-n-accordion-item-1012\" class=\"elementor-element elementor-element-fabc9f9 e-con-full e-flex e-con e-child\" data-id=\"fabc9f9\" data-element_type=\"container\" data-e-type=\"container\">\n\t\t\t\t<div class=\"elementor-element elementor-element-44947e0 elementor-widget elementor-widget-text-editor\" data-id=\"44947e0\" data-element_type=\"widget\" data-e-type=\"widget\" data-widget_type=\"text-editor.default\">\n\t\t\t\t\t\t\t\t\t<p>As consultas de Psicoterapia s\u00e3o conduzidas por profissionais formados nesse ramo, podendo ser psic\u00f3logos ou psiquiatras. O objetivo \u00e9 compreender os problemas e as dificuldades da pessoa, baseando-se no hist\u00f3rico pessoal. Estas consultas s\u00e3o ideais para trabalhar o sofrimento ou circunst\u00e2ncias dif\u00edceis, promovendo mudan\u00e7as positivas na forma como a pessoa se v\u00ea a si pr\u00f3pria e enfrenta as suas dificuldades.<\/p><p>\u00a0<\/p><p>A Psicologia estuda o comportamento e as emo\u00e7\u00f5es humanas, sendo feitas avalia\u00e7\u00f5es psicol\u00f3gicas da pessoa que procura compreender e a lidar com dificuldades emocionais.<\/p>\t\t\t\t\t\t\t\t<\/div>\n\t\t\t\t<\/div>\n\t\t\t\t\t<\/details>\n\t\t\t\t\t<\/div>\n\t\t\t\t\t\t<\/div>\n\t\t\t\t\t<\/div>\n\t\t\t\t<\/div>\n\t\t<div class=\"elementor-element elementor-element-0aed21f e-flex e-con-boxed e-con e-parent\" data-id=\"0aed21f\" data-element_type=\"container\" data-e-type=\"container\">\n\t\t\t\t\t<div class=\"e-con-inner\">\n\t\t\t\t<div class=\"elementor-element elementor-element-fd7867a elementor-widget elementor-widget-heading\" data-id=\"fd7867a\" data-element_type=\"widget\" data-e-type=\"widget\" data-widget_type=\"heading.default\">\n\t\t\t\t\t<h2 class=\"elementor-heading-title elementor-size-default\">Agendamento e Hor\u00e1rio<\/h2>\t\t\t\t<\/div>\n\t\t\t\t<div class=\"elementor-element elementor-element-69c2670 elementor-widget elementor-widget-n-accordion\" data-id=\"69c2670\" data-element_type=\"widget\" data-e-type=\"widget\" data-settings=\"{&quot;default_state&quot;:&quot;all_collapsed&quot;,&quot;n_accordion_animation_duration&quot;:{&quot;unit&quot;:&quot;ms&quot;,&quot;size&quot;:150,&quot;sizes&quot;:[]},&quot;max_items_expended&quot;:&quot;one&quot;}\" data-widget_type=\"nested-accordion.default\">\n\t\t\t\t\t\t\t<div class=\"e-n-accordion\" aria-label=\"Accordion. Open links with Enter or Space, close with Escape, and navigate with Arrow Keys\">\n\t\t\t\t\t\t<details id=\"e-n-accordion-item-1100\" class=\"e-n-accordion-item\" >\n\t\t\t\t<summary class=\"e-n-accordion-item-title\" data-accordion-index=\"1\" tabindex=\"0\" aria-expanded=\"false\" aria-controls=\"e-n-accordion-item-1100\" >\n\t\t\t\t\t<span class='e-n-accordion-item-title-header'><div class=\"e-n-accordion-item-title-text\"> Como posso agendar a minha consulta? <\/div><\/span>\n\t\t\t\t\t\t\t\t\t<\/summary>\n\t\t\t\t<div role=\"region\" aria-labelledby=\"e-n-accordion-item-1100\" class=\"elementor-element elementor-element-e3dcfb5 e-con-full e-flex e-con e-child\" data-id=\"e3dcfb5\" data-element_type=\"container\" data-e-type=\"container\">\n\t\t\t\t<div class=\"elementor-element elementor-element-d364deb elementor-widget elementor-widget-text-editor\" data-id=\"d364deb\" data-element_type=\"widget\" data-e-type=\"widget\" data-widget_type=\"text-editor.default\">\n\t\t\t\t\t\t\t\t\t<p>O agendamento de consultas pode ser feito atrav\u00e9s do preenchimento de um pedido de consulta neste website. Poder\u00e1 tamb\u00e9m contactar-nos via telefone (928 165 937, dias \u00fateis entre as 15:00 e as 18:00) ou email (geral@inesnevescaldas.pt).<\/p>\t\t\t\t\t\t\t\t<\/div>\n\t\t\t\t<\/div>\n\t\t\t\t\t<\/details>\n\t\t\t\t\t\t<details id=\"e-n-accordion-item-1101\" class=\"e-n-accordion-item\" >\n\t\t\t\t<summary class=\"e-n-accordion-item-title\" data-accordion-index=\"2\" tabindex=\"-1\" aria-expanded=\"false\" aria-controls=\"e-n-accordion-item-1101\" >\n\t\t\t\t\t<span class='e-n-accordion-item-title-header'><div class=\"e-n-accordion-item-title-text\"> As consultas s\u00e3o presenciais ou online? <\/div><\/span>\n\t\t\t\t\t\t\t\t\t<\/summary>\n\t\t\t\t<div role=\"region\" aria-labelledby=\"e-n-accordion-item-1101\" class=\"elementor-element elementor-element-e75373e e-con-full e-flex e-con e-child\" data-id=\"e75373e\" data-element_type=\"container\" data-e-type=\"container\">\n\t\t\t\t<div class=\"elementor-element elementor-element-cdd3f12 elementor-widget elementor-widget-text-editor\" data-id=\"cdd3f12\" data-element_type=\"widget\" data-e-type=\"widget\" data-widget_type=\"text-editor.default\">\n\t\t\t\t\t\t\t\t\t<p>As consultas s\u00e3o realizadas presencialmente, em Lisboa (Av. Ant\u00f3nio Augusto de Aguiar 42, Cave Esq., 1050-017), ou online, via Google Meet.<\/p>\t\t\t\t\t\t\t\t<\/div>\n\t\t\t\t<\/div>\n\t\t\t\t\t<\/details>\n\t\t\t\t\t\t<details id=\"e-n-accordion-item-1102\" class=\"e-n-accordion-item\" >\n\t\t\t\t<summary class=\"e-n-accordion-item-title\" data-accordion-index=\"3\" tabindex=\"-1\" aria-expanded=\"false\" aria-controls=\"e-n-accordion-item-1102\" >\n\t\t\t\t\t<span class='e-n-accordion-item-title-header'><div class=\"e-n-accordion-item-title-text\"> Qual \u00e9 o hor\u00e1rio de funcionamento? <\/div><\/span>\n\t\t\t\t\t\t\t\t\t<\/summary>\n\t\t\t\t<div role=\"region\" aria-labelledby=\"e-n-accordion-item-1102\" class=\"elementor-element elementor-element-69397d0 e-con-full e-flex e-con e-child\" data-id=\"69397d0\" data-element_type=\"container\" data-e-type=\"container\">\n\t\t\t\t<div class=\"elementor-element elementor-element-de96e27 elementor-widget elementor-widget-text-editor\" data-id=\"de96e27\" data-element_type=\"widget\" data-e-type=\"widget\" data-widget_type=\"text-editor.default\">\n\t\t\t\t\t\t\t\t\t<p>O consult\u00f3rio de Lisboa funciona em dias \u00fateis, entre as 09h00 e as 18h00. O atendimento via telefone decorre em dias \u00fateis entre as 15h00 e as 18h00.<\/p>\t\t\t\t\t\t\t\t<\/div>\n\t\t\t\t<\/div>\n\t\t\t\t\t<\/details>\n\t\t\t\t\t\t<details id=\"e-n-accordion-item-1103\" class=\"e-n-accordion-item\" >\n\t\t\t\t<summary class=\"e-n-accordion-item-title\" data-accordion-index=\"4\" tabindex=\"-1\" aria-expanded=\"false\" aria-controls=\"e-n-accordion-item-1103\" >\n\t\t\t\t\t<span class='e-n-accordion-item-title-header'><div class=\"e-n-accordion-item-title-text\"> O que fazer se tiver de desmarcar? H\u00e1 garantia de reembolso? <\/div><\/span>\n\t\t\t\t\t\t\t\t\t<\/summary>\n\t\t\t\t<div role=\"region\" aria-labelledby=\"e-n-accordion-item-1103\" class=\"elementor-element elementor-element-8c9ba12 e-con-full e-flex e-con e-child\" data-id=\"8c9ba12\" data-element_type=\"container\" data-e-type=\"container\">\n\t\t\t\t<div class=\"elementor-element elementor-element-0f3aefd elementor-widget elementor-widget-text-editor\" data-id=\"0f3aefd\" data-element_type=\"widget\" data-e-type=\"widget\" data-widget_type=\"text-editor.default\">\n\t\t\t\t\t\t\t\t\t<p>Se tiver que desmarcar a consulta, pedimos que nos avise atempadamente. O reembolso \u00e9 poss\u00edvel apenas se solicitado at\u00e9 24 horas antes da consulta.<\/p>\t\t\t\t\t\t\t\t<\/div>\n\t\t\t\t<\/div>\n\t\t\t\t\t<\/details>\n\t\t\t\t\t\t<details id=\"e-n-accordion-item-1104\" class=\"e-n-accordion-item\" >\n\t\t\t\t<summary class=\"e-n-accordion-item-title\" data-accordion-index=\"5\" tabindex=\"-1\" aria-expanded=\"false\" aria-controls=\"e-n-accordion-item-1104\" >\n\t\t\t\t\t<span class='e-n-accordion-item-title-header'><div class=\"e-n-accordion-item-title-text\"> E se n\u00e3o puder estar presente? Posso remarcar? <\/div><\/span>\n\t\t\t\t\t\t\t\t\t<\/summary>\n\t\t\t\t<div role=\"region\" aria-labelledby=\"e-n-accordion-item-1104\" class=\"elementor-element elementor-element-c2e6991 e-con-full e-flex e-con e-child\" data-id=\"c2e6991\" data-element_type=\"container\" data-e-type=\"container\">\n\t\t\t\t<div class=\"elementor-element elementor-element-5ffd3ef elementor-widget elementor-widget-text-editor\" data-id=\"5ffd3ef\" data-element_type=\"widget\" data-e-type=\"widget\" data-widget_type=\"text-editor.default\">\n\t\t\t\t\t\t\t\t\t<p>O reagendamento poder\u00e1 ser realizado sem quaisquer custos associados at\u00e9 24 horas antes da consulta. Caso seja mais conveniente, poder\u00e1 tamb\u00e9m proceder \u00e0 desmarca\u00e7\u00e3o e solicitar o reembolso.<\/p>\t\t\t\t\t\t\t\t<\/div>\n\t\t\t\t<\/div>\n\t\t\t\t\t<\/details>\n\t\t\t\t\t\t<details id=\"e-n-accordion-item-1105\" class=\"e-n-accordion-item\" >\n\t\t\t\t<summary class=\"e-n-accordion-item-title\" data-accordion-index=\"6\" tabindex=\"-1\" aria-expanded=\"false\" aria-controls=\"e-n-accordion-item-1105\" >\n\t\t\t\t\t<span class='e-n-accordion-item-title-header'><div class=\"e-n-accordion-item-title-text\"> O que acontece se faltar \u00e0 consulta sem avisar? <\/div><\/span>\n\t\t\t\t\t\t\t\t\t<\/summary>\n\t\t\t\t<div role=\"region\" aria-labelledby=\"e-n-accordion-item-1105\" class=\"elementor-element elementor-element-840a4f8 e-con-full e-flex e-con e-child\" data-id=\"840a4f8\" data-element_type=\"container\" data-e-type=\"container\">\n\t\t\t\t<div class=\"elementor-element elementor-element-210bb4e elementor-widget elementor-widget-text-editor\" data-id=\"210bb4e\" data-element_type=\"widget\" data-e-type=\"widget\" data-widget_type=\"text-editor.default\">\n\t\t\t\t\t\t\t\t\t<p>Se n\u00e3o houver um aviso pr\u00e9vio num prazo m\u00ednimo de 24 horas, o valor cobrado pela consulta n\u00e3o ser\u00e1 devolvido, uma vez que nessa situa\u00e7\u00e3o, a vaga para consulta n\u00e3o pode ser atribu\u00edda a outra pessoa.<\/p>\t\t\t\t\t\t\t\t<\/div>\n\t\t\t\t<\/div>\n\t\t\t\t\t<\/details>\n\t\t\t\t\t<\/div>\n\t\t\t\t\t\t<\/div>\n\t\t\t\t\t<\/div>\n\t\t\t\t<\/div>\n\t\t<div class=\"elementor-element elementor-element-85d5bd5 e-flex e-con-boxed e-con e-parent\" data-id=\"85d5bd5\" data-element_type=\"container\" data-e-type=\"container\">\n\t\t\t\t\t<div class=\"e-con-inner\">\n\t\t\t\t<div class=\"elementor-element elementor-element-d638dc7 elementor-widget elementor-widget-heading\" data-id=\"d638dc7\" data-element_type=\"widget\" data-e-type=\"widget\" data-widget_type=\"heading.default\">\n\t\t\t\t\t<h2 class=\"elementor-heading-title elementor-size-default\">Pagamento<\/h2>\t\t\t\t<\/div>\n\t\t\t\t<div class=\"elementor-element elementor-element-00ecc75 elementor-widget elementor-widget-n-accordion\" data-id=\"00ecc75\" data-element_type=\"widget\" data-e-type=\"widget\" data-settings=\"{&quot;default_state&quot;:&quot;all_collapsed&quot;,&quot;n_accordion_animation_duration&quot;:{&quot;unit&quot;:&quot;ms&quot;,&quot;size&quot;:150,&quot;sizes&quot;:[]},&quot;max_items_expended&quot;:&quot;one&quot;}\" data-widget_type=\"nested-accordion.default\">\n\t\t\t\t\t\t\t<div class=\"e-n-accordion\" aria-label=\"Accordion. Open links with Enter or Space, close with Escape, and navigate with Arrow Keys\">\n\t\t\t\t\t\t<details id=\"e-n-accordion-item-9690\" class=\"e-n-accordion-item\" >\n\t\t\t\t<summary class=\"e-n-accordion-item-title\" data-accordion-index=\"1\" tabindex=\"0\" aria-expanded=\"false\" aria-controls=\"e-n-accordion-item-9690\" >\n\t\t\t\t\t<span class='e-n-accordion-item-title-header'><div class=\"e-n-accordion-item-title-text\"> Qual o valor da consulta de Psiquiatria <\/div><\/span>\n\t\t\t\t\t\t\t\t\t<\/summary>\n\t\t\t\t<div role=\"region\" aria-labelledby=\"e-n-accordion-item-9690\" class=\"elementor-element elementor-element-ac0bdaf e-con-full e-flex e-con e-child\" data-id=\"ac0bdaf\" data-element_type=\"container\" data-e-type=\"container\">\n\t\t\t\t<div class=\"elementor-element elementor-element-8bfb77b elementor-widget elementor-widget-text-editor\" data-id=\"8bfb77b\" data-element_type=\"widget\" data-e-type=\"widget\" data-widget_type=\"text-editor.default\">\n\t\t\t\t\t\t\t\t\t<p>A primeira consulta tem um valor de 115\u20ac. A consulta de acompanhamento de Psiquiatria tem um valor de 95\u20ac e a consulta de acompanhamento de Psicoterapia tem um valor de 85\u20ac.<\/p><p>\u00a0<\/p><p>Desconto de 10\u20ac por consulta em caso de periodicidade semanal.<\/p><p>\u00a0<\/p><p>Em caso de ser necess\u00e1rio seguimento em Psiquiatria, este est\u00e1 inclu\u00eddo nas consultas de Psicoterapia.<\/p>\t\t\t\t\t\t\t\t<\/div>\n\t\t\t\t<\/div>\n\t\t\t\t\t<\/details>\n\t\t\t\t\t\t<details id=\"e-n-accordion-item-9691\" class=\"e-n-accordion-item\" >\n\t\t\t\t<summary class=\"e-n-accordion-item-title\" data-accordion-index=\"2\" tabindex=\"-1\" aria-expanded=\"false\" aria-controls=\"e-n-accordion-item-9691\" >\n\t\t\t\t\t<span class='e-n-accordion-item-title-header'><div class=\"e-n-accordion-item-title-text\"> Quais s\u00e3o os m\u00e9todos de pagamento dispon\u00edveis? <\/div><\/span>\n\t\t\t\t\t\t\t\t\t<\/summary>\n\t\t\t\t<div role=\"region\" aria-labelledby=\"e-n-accordion-item-9691\" class=\"elementor-element elementor-element-27d0218 e-con-full e-flex e-con e-child\" data-id=\"27d0218\" data-element_type=\"container\" data-e-type=\"container\">\n\t\t\t\t<div class=\"elementor-element elementor-element-ea94d95 elementor-widget elementor-widget-text-editor\" data-id=\"ea94d95\" data-element_type=\"widget\" data-e-type=\"widget\" data-widget_type=\"text-editor.default\">\n\t\t\t\t\t\t\t\t\t<p>O pagamento deve ser realizado atrav\u00e9s de transfer\u00eancia banc\u00e1ria. Para a primeira consulta, o pagamento deve ser realizado at\u00e9 24 ap\u00f3s o pedido de marca\u00e7\u00e3o, com envio de comprovativo de pagamento. Para as subsequentes consultas, o pagamento pode ser feito at\u00e9 24 horas antes da consulta.<\/p><p>\u00a0<\/p><p>Caso o pagamento n\u00e3o seja efetuado atempadamente, a vaga \u00e9 libertada para outra pessoa, para garantir a organiza\u00e7\u00e3o e otimiza\u00e7\u00e3o da agenda.<\/p>\t\t\t\t\t\t\t\t<\/div>\n\t\t\t\t<\/div>\n\t\t\t\t\t<\/details>\n\t\t\t\t\t\t<details id=\"e-n-accordion-item-9692\" class=\"e-n-accordion-item\" >\n\t\t\t\t<summary class=\"e-n-accordion-item-title\" data-accordion-index=\"3\" tabindex=\"-1\" aria-expanded=\"false\" aria-controls=\"e-n-accordion-item-9692\" >\n\t\t\t\t\t<span class='e-n-accordion-item-title-header'><div class=\"e-n-accordion-item-title-text\"> Tem acordos com seguradoras ou subsistemas de sa\u00fade? <\/div><\/span>\n\t\t\t\t\t\t\t\t\t<\/summary>\n\t\t\t\t<div role=\"region\" aria-labelledby=\"e-n-accordion-item-9692\" class=\"elementor-element elementor-element-a4b421c e-con-full e-flex e-con e-child\" data-id=\"a4b421c\" data-element_type=\"container\" data-e-type=\"container\">\n\t\t\t\t<div class=\"elementor-element elementor-element-90b0a4e elementor-widget elementor-widget-text-editor\" data-id=\"90b0a4e\" data-element_type=\"widget\" data-e-type=\"widget\" data-widget_type=\"text-editor.default\">\n\t\t\t\t\t\t\t\t\t<p>Neste momento n\u00e3o temos acordo com seguradoras ou subsistemas de sa\u00fade, no entanto pode submeter o recibo para pedir o reembolso.<\/p>\t\t\t\t\t\t\t\t<\/div>\n\t\t\t\t<\/div>\n\t\t\t\t\t<\/details>\n\t\t\t\t\t<\/div>\n\t\t\t\t\t\t<\/div>\n\t\t\t\t\t<\/div>\n\t\t\t\t<\/div>\n\t\t\t\t<\/div>","protected":false},"excerpt":{"rendered":"<p>Perguntas Frequentes Encontre aqui as respostas para as d\u00favidas mais frequentes sobre as nossas consultas, agendamento e pagamentos. \u00a0 Caso n\u00e3o encontre a resposta que procura, envie-nos mensagem atrav\u00e9s do formul\u00e1rio dispon\u00edvel na p\u00e1gina de Contactos, ligue ou envie mensagem por telefone (928 165 937, dias \u00fateis entre as 15:00 e as 18:00) ou envie [&hellip;]<\/p>\n","protected":false},"author":2,"featured_media":0,"parent":0,"menu_order":3,"comment_status":"closed","ping_status":"closed","template":"","meta":{"footnotes":""},"class_list":["post-230","page","type-page","status-publish","hentry"],"_links":{"self":[{"href":"https:\/\/inescaldas.cbraga.pt\/en\/wp-json\/wp\/v2\/pages\/230","targetHints":{"allow":["GET"]}}],"collection":[{"href":"https:\/\/inescaldas.cbraga.pt\/en\/wp-json\/wp\/v2\/pages"}],"about":[{"href":"https:\/\/inescaldas.cbraga.pt\/en\/wp-json\/wp\/v2\/types\/page"}],"author":[{"embeddable":true,"href":"https:\/\/inescaldas.cbraga.pt\/en\/wp-json\/wp\/v2\/users\/2"}],"replies":[{"embeddable":true,"href":"https:\/\/inescaldas.cbraga.pt\/en\/wp-json\/wp\/v2\/comments?post=230"}],"version-history":[{"count":34,"href":"https:\/\/inescaldas.cbraga.pt\/en\/wp-json\/wp\/v2\/pages\/230\/revisions"}],"predecessor-version":[{"id":1346,"href":"https:\/\/inescaldas.cbraga.pt\/en\/wp-json\/wp\/v2\/pages\/230\/revisions\/1346"}],"wp:attachment":[{"href":"https:\/\/inescaldas.cbraga.pt\/en\/wp-json\/wp\/v2\/media?parent=230"}],"curies":[{"name":"wp","href":"https:\/\/api.w.org\/{rel}","templated":true}]}}