{"id":1347,"date":"2026-04-03T16:03:59","date_gmt":"2026-04-03T16:03:59","guid":{"rendered":"http:\/\/inescaldas.local\/?page_id=1347"},"modified":"2026-04-03T16:25:27","modified_gmt":"2026-04-03T16:25:27","slug":"imprensa","status":"publish","type":"page","link":"https:\/\/inescaldas.cbraga.pt\/en\/imprensa\/","title":{"rendered":"Imprensa"},"content":{"rendered":"<div data-elementor-type=\"wp-page\" data-elementor-id=\"1347\" class=\"elementor elementor-1347\" data-elementor-post-type=\"page\">\n\t\t\t\t<div class=\"elementor-element elementor-element-81d835d e-flex e-con-boxed e-con e-parent\" data-id=\"81d835d\" data-element_type=\"container\" data-e-type=\"container\">\n\t\t\t\t\t<div class=\"e-con-inner\">\n\t\t<div class=\"elementor-element elementor-element-cb6feb2 e-con-full e-flex e-con e-child\" data-id=\"cb6feb2\" data-element_type=\"container\" data-e-type=\"container\">\n\t\t\t\t<div class=\"elementor-element elementor-element-05c358d elementor-widget elementor-widget-heading\" data-id=\"05c358d\" data-element_type=\"widget\" data-e-type=\"widget\" data-widget_type=\"heading.default\">\n\t\t\t\t\t<h2 class=\"elementor-heading-title elementor-size-default\">Imprensa<\/h2>\t\t\t\t<\/div>\n\t\t\t\t<div class=\"elementor-element elementor-element-2d70a70 elementor-widget elementor-widget-text-editor\" data-id=\"2d70a70\" data-element_type=\"widget\" data-e-type=\"widget\" data-widget_type=\"text-editor.default\">\n\t\t\t\t\t\t\t\t\t<p>Enquanto Psiquiatra e Psicoterapeuta, tenho tido a oportunidade de colaborar com diversos meios de comunica\u00e7\u00e3o em artigos, entrevistas e podcasts.<\/p><p>\u00a0<\/p><p>\u00c9 uma honra partilhar o meu conhecimento e refor\u00e7ar a import\u00e2ncia da sa\u00fade mental no cuidado integrativo e no bem-estar global.<\/p>\t\t\t\t\t\t\t\t<\/div>\n\t\t\t\t<\/div>\n\t\t\t\t\t<\/div>\n\t\t\t\t<\/div>\n\t\t<div class=\"elementor-element elementor-element-1c014b1 e-flex e-con-boxed e-con e-parent\" data-id=\"1c014b1\" data-element_type=\"container\" data-e-type=\"container\">\n\t\t\t\t\t<div class=\"e-con-inner\">\n\t\t\t\t<div class=\"elementor-element elementor-element-c17fb3d elementor-widget elementor-widget-heading\" data-id=\"c17fb3d\" data-element_type=\"widget\" data-e-type=\"widget\" data-widget_type=\"heading.default\">\n\t\t\t\t\t<h2 class=\"elementor-heading-title elementor-size-default\">Conhe\u00e7a algumas das minhas participa\u00e7\u00f5es nos m\u00e9dia<\/h2>\t\t\t\t<\/div>\n\t\t<div class=\"elementor-element elementor-element-6bedae8 e-grid e-con-full e-con e-child\" data-id=\"6bedae8\" data-element_type=\"container\" data-e-type=\"container\">\n\t\t<div class=\"elementor-element elementor-element-f71c9eb e-con-full e-grid e-con e-child\" data-id=\"f71c9eb\" data-element_type=\"container\" data-e-type=\"container\">\n\t\t\t\t<div class=\"elementor-element elementor-element-0adca5c elementor-widget elementor-widget-image\" data-id=\"0adca5c\" data-element_type=\"widget\" data-e-type=\"widget\" data-widget_type=\"image.default\">\n\t\t\t\t\t\t\t\t\t\t\t\t\t\t\t<img fetchpriority=\"high\" decoding=\"async\" width=\"408\" height=\"296\" src=\"https:\/\/inescaldas.cbraga.pt\/wp-content\/uploads\/2026\/04\/Asset-media01@2x.png\" class=\"attachment-large size-large wp-image-1257\" alt=\"\" srcset=\"https:\/\/inescaldas.cbraga.pt\/wp-content\/uploads\/2026\/04\/Asset-media01@2x.png 408w, https:\/\/inescaldas.cbraga.pt\/wp-content\/uploads\/2026\/04\/Asset-media01@2x-300x218.png 300w, https:\/\/inescaldas.cbraga.pt\/wp-content\/uploads\/2026\/04\/Asset-media01@2x-18x12.png 18w\" sizes=\"(max-width: 408px) 100vw, 408px\" \/>\t\t\t\t\t\t\t\t\t\t\t\t\t\t\t<\/div>\n\t\t<div class=\"elementor-element elementor-element-3edcf39 e-con-full e-flex e-con e-child\" data-id=\"3edcf39\" data-element_type=\"container\" data-e-type=\"container\">\n\t\t\t\t<div class=\"elementor-element elementor-element-9ffe3e2 elementor-widget elementor-widget-text-editor\" data-id=\"9ffe3e2\" data-element_type=\"widget\" data-e-type=\"widget\" data-widget_type=\"text-editor.default\">\n\t\t\t\t\t\t\t\t\t<p>Observador | Videocast<\/p>\t\t\t\t\t\t\t\t<\/div>\n\t\t\t\t<div class=\"elementor-element elementor-element-22944c7 elementor-widget elementor-widget-text-editor\" data-id=\"22944c7\" data-element_type=\"widget\" data-e-type=\"widget\" data-widget_type=\"text-editor.default\">\n\t\t\t\t\t\t\t\t\t<p>O caso da paciente que queria aprender a viver com a doen\u00e7a<\/p>\t\t\t\t\t\t\t\t<\/div>\n\t\t\t\t<\/div>\n\t\t\t\t<\/div>\n\t\t<div class=\"elementor-element elementor-element-5085150 e-con-full e-grid e-con e-child\" data-id=\"5085150\" data-element_type=\"container\" data-e-type=\"container\">\n\t\t\t\t<div class=\"elementor-element elementor-element-f35e75f elementor-widget elementor-widget-image\" data-id=\"f35e75f\" data-element_type=\"widget\" data-e-type=\"widget\" data-widget_type=\"image.default\">\n\t\t\t\t\t\t\t\t\t\t\t\t\t\t\t<img decoding=\"async\" width=\"408\" height=\"296\" src=\"https:\/\/inescaldas.cbraga.pt\/wp-content\/uploads\/2026\/04\/Asset-media02@2x.png\" class=\"attachment-large size-large wp-image-1258\" alt=\"\" srcset=\"https:\/\/inescaldas.cbraga.pt\/wp-content\/uploads\/2026\/04\/Asset-media02@2x.png 408w, https:\/\/inescaldas.cbraga.pt\/wp-content\/uploads\/2026\/04\/Asset-media02@2x-300x218.png 300w, https:\/\/inescaldas.cbraga.pt\/wp-content\/uploads\/2026\/04\/Asset-media02@2x-18x12.png 18w\" sizes=\"(max-width: 408px) 100vw, 408px\" \/>\t\t\t\t\t\t\t\t\t\t\t\t\t\t\t<\/div>\n\t\t<div class=\"elementor-element elementor-element-3472aaa e-con-full e-flex e-con e-child\" data-id=\"3472aaa\" data-element_type=\"container\" data-e-type=\"container\">\n\t\t\t\t<div class=\"elementor-element elementor-element-8f5d9a1 elementor-widget elementor-widget-text-editor\" data-id=\"8f5d9a1\" data-element_type=\"widget\" data-e-type=\"widget\" data-widget_type=\"text-editor.default\">\n\t\t\t\t\t\t\t\t\t<p>Megahits | Podcast<\/p>\t\t\t\t\t\t\t\t<\/div>\n\t\t\t\t<div class=\"elementor-element elementor-element-d994bd0 elementor-widget elementor-widget-text-editor\" data-id=\"d994bd0\" data-element_type=\"widget\" data-e-type=\"widget\" data-widget_type=\"text-editor.default\">\n\t\t\t\t\t\t\t\t\t<p>Ep 2 \u2014 O apoquento do emagrecimento<\/p>\t\t\t\t\t\t\t\t<\/div>\n\t\t\t\t<\/div>\n\t\t\t\t<\/div>\n\t\t<div class=\"elementor-element elementor-element-ab4e6bb e-con-full e-grid e-con e-child\" data-id=\"ab4e6bb\" data-element_type=\"container\" data-e-type=\"container\">\n\t\t\t\t<div class=\"elementor-element elementor-element-b368c66 elementor-widget elementor-widget-image\" data-id=\"b368c66\" data-element_type=\"widget\" data-e-type=\"widget\" data-widget_type=\"image.default\">\n\t\t\t\t\t\t\t\t\t\t\t\t\t\t\t<img decoding=\"async\" width=\"408\" height=\"296\" src=\"https:\/\/inescaldas.cbraga.pt\/wp-content\/uploads\/2026\/04\/Asset-media03@2x.png\" class=\"attachment-large size-large wp-image-1259\" alt=\"\" srcset=\"https:\/\/inescaldas.cbraga.pt\/wp-content\/uploads\/2026\/04\/Asset-media03@2x.png 408w, https:\/\/inescaldas.cbraga.pt\/wp-content\/uploads\/2026\/04\/Asset-media03@2x-300x218.png 300w, https:\/\/inescaldas.cbraga.pt\/wp-content\/uploads\/2026\/04\/Asset-media03@2x-18x12.png 18w\" sizes=\"(max-width: 408px) 100vw, 408px\" \/>\t\t\t\t\t\t\t\t\t\t\t\t\t\t\t<\/div>\n\t\t<div class=\"elementor-element elementor-element-0021393 e-con-full e-flex e-con e-child\" data-id=\"0021393\" data-element_type=\"container\" data-e-type=\"container\">\n\t\t\t\t<div class=\"elementor-element elementor-element-95135b7 elementor-widget elementor-widget-text-editor\" data-id=\"95135b7\" data-element_type=\"widget\" data-e-type=\"widget\" data-widget_type=\"text-editor.default\">\n\t\t\t\t\t\t\t\t\t<p>Fidelidade | Podcast<\/p>\t\t\t\t\t\t\t\t<\/div>\n\t\t\t\t<div class=\"elementor-element elementor-element-6025321 elementor-widget elementor-widget-text-editor\" data-id=\"6025321\" data-element_type=\"widget\" data-e-type=\"widget\" data-widget_type=\"text-editor.default\">\n\t\t\t\t\t\t\t\t\t<p>Mentes diferentes, ambientes inclusivos<\/p>\t\t\t\t\t\t\t\t<\/div>\n\t\t\t\t<\/div>\n\t\t\t\t<\/div>\n\t\t<div class=\"elementor-element elementor-element-37d48c6 e-con-full e-grid e-con e-child\" data-id=\"37d48c6\" data-element_type=\"container\" data-e-type=\"container\">\n\t\t\t\t<div class=\"elementor-element elementor-element-51726c8 elementor-widget elementor-widget-image\" data-id=\"51726c8\" data-element_type=\"widget\" data-e-type=\"widget\" data-widget_type=\"image.default\">\n\t\t\t\t\t\t\t\t\t\t\t\t\t\t\t<img loading=\"lazy\" decoding=\"async\" width=\"310\" height=\"222\" src=\"https:\/\/inescaldas.cbraga.pt\/wp-content\/uploads\/2026\/04\/Frame-48100449.png\" class=\"attachment-large size-large wp-image-1350\" alt=\"\" srcset=\"https:\/\/inescaldas.cbraga.pt\/wp-content\/uploads\/2026\/04\/Frame-48100449.png 310w, https:\/\/inescaldas.cbraga.pt\/wp-content\/uploads\/2026\/04\/Frame-48100449-300x215.png 300w, https:\/\/inescaldas.cbraga.pt\/wp-content\/uploads\/2026\/04\/Frame-48100449-18x12.png 18w\" sizes=\"(max-width: 310px) 100vw, 310px\" \/>\t\t\t\t\t\t\t\t\t\t\t\t\t\t\t<\/div>\n\t\t<div class=\"elementor-element elementor-element-ae65a51 e-con-full e-flex e-con e-child\" data-id=\"ae65a51\" data-element_type=\"container\" data-e-type=\"container\">\n\t\t\t\t<div class=\"elementor-element elementor-element-31bae12 elementor-widget elementor-widget-text-editor\" data-id=\"31bae12\" data-element_type=\"widget\" data-e-type=\"widget\" data-widget_type=\"text-editor.default\">\n\t\t\t\t\t\t\t\t\t<p>Newsfarma | Entrevista<\/p>\t\t\t\t\t\t\t\t<\/div>\n\t\t\t\t<div class=\"elementor-element elementor-element-4af2632 elementor-widget elementor-widget-text-editor\" data-id=\"4af2632\" data-element_type=\"widget\" data-e-type=\"widget\" data-widget_type=\"text-editor.default\">\n\t\t\t\t\t\t\t\t\t<p>O essencial \u2014 obesidade<\/p>\t\t\t\t\t\t\t\t<\/div>\n\t\t\t\t<\/div>\n\t\t\t\t<\/div>\n\t\t<div class=\"elementor-element elementor-element-4e767aa e-con-full e-grid e-con e-child\" data-id=\"4e767aa\" data-element_type=\"container\" data-e-type=\"container\">\n\t\t\t\t<div class=\"elementor-element elementor-element-5e99192 elementor-widget elementor-widget-image\" data-id=\"5e99192\" data-element_type=\"widget\" data-e-type=\"widget\" data-widget_type=\"image.default\">\n\t\t\t\t\t\t\t\t\t\t\t\t\t\t\t<img loading=\"lazy\" decoding=\"async\" width=\"306\" height=\"222\" src=\"https:\/\/inescaldas.cbraga.pt\/wp-content\/uploads\/2026\/04\/Group-7.png\" class=\"attachment-large size-large wp-image-1354\" alt=\"\" srcset=\"https:\/\/inescaldas.cbraga.pt\/wp-content\/uploads\/2026\/04\/Group-7.png 306w, https:\/\/inescaldas.cbraga.pt\/wp-content\/uploads\/2026\/04\/Group-7-300x218.png 300w, https:\/\/inescaldas.cbraga.pt\/wp-content\/uploads\/2026\/04\/Group-7-18x12.png 18w\" sizes=\"(max-width: 306px) 100vw, 306px\" \/>\t\t\t\t\t\t\t\t\t\t\t\t\t\t\t<\/div>\n\t\t<div class=\"elementor-element elementor-element-8eee88f e-con-full e-flex e-con e-child\" data-id=\"8eee88f\" data-element_type=\"container\" data-e-type=\"container\">\n\t\t\t\t<div class=\"elementor-element elementor-element-b190c10 elementor-widget elementor-widget-text-editor\" data-id=\"b190c10\" data-element_type=\"widget\" data-e-type=\"widget\" data-widget_type=\"text-editor.default\">\n\t\t\t\t\t\t\t\t\t<p>Jornal m\u00e9dico | Artigo<\/p>\t\t\t\t\t\t\t\t<\/div>\n\t\t\t\t<div class=\"elementor-element elementor-element-ec38ed2 elementor-widget elementor-widget-text-editor\" data-id=\"ec38ed2\" data-element_type=\"widget\" data-e-type=\"widget\" data-widget_type=\"text-editor.default\">\n\t\t\t\t\t\t\t\t\t<p>Doen\u00e7as do comportamento alimentar<\/p>\t\t\t\t\t\t\t\t<\/div>\n\t\t\t\t<\/div>\n\t\t\t\t<\/div>\n\t\t<div class=\"elementor-element elementor-element-90f8a99 e-con-full e-grid e-con e-child\" data-id=\"90f8a99\" data-element_type=\"container\" data-e-type=\"container\">\n\t\t\t\t<div class=\"elementor-element elementor-element-80d881f elementor-widget elementor-widget-image\" data-id=\"80d881f\" data-element_type=\"widget\" data-e-type=\"widget\" data-widget_type=\"image.default\">\n\t\t\t\t\t\t\t\t\t\t\t\t\t\t\t<img loading=\"lazy\" decoding=\"async\" width=\"306\" height=\"222\" src=\"https:\/\/inescaldas.cbraga.pt\/wp-content\/uploads\/2026\/04\/Frame-48100449-3.png\" class=\"attachment-large size-large wp-image-1353\" alt=\"\" srcset=\"https:\/\/inescaldas.cbraga.pt\/wp-content\/uploads\/2026\/04\/Frame-48100449-3.png 306w, https:\/\/inescaldas.cbraga.pt\/wp-content\/uploads\/2026\/04\/Frame-48100449-3-300x218.png 300w, https:\/\/inescaldas.cbraga.pt\/wp-content\/uploads\/2026\/04\/Frame-48100449-3-18x12.png 18w\" sizes=\"(max-width: 306px) 100vw, 306px\" \/>\t\t\t\t\t\t\t\t\t\t\t\t\t\t\t<\/div>\n\t\t<div class=\"elementor-element elementor-element-a9784a8 e-con-full e-flex e-con e-child\" data-id=\"a9784a8\" data-element_type=\"container\" data-e-type=\"container\">\n\t\t\t\t<div class=\"elementor-element elementor-element-008209b elementor-widget elementor-widget-text-editor\" data-id=\"008209b\" data-element_type=\"widget\" data-e-type=\"widget\" data-widget_type=\"text-editor.default\">\n\t\t\t\t\t\t\t\t\t<p>Lus\u00edadas | Artigo<\/p>\t\t\t\t\t\t\t\t<\/div>\n\t\t\t\t<div class=\"elementor-element elementor-element-1f691e7 elementor-widget elementor-widget-text-editor\" data-id=\"1f691e7\" data-element_type=\"widget\" data-e-type=\"widget\" data-widget_type=\"text-editor.default\">\n\t\t\t\t\t\t\t\t\t<p>Rela\u00e7\u00e3o entre a obesidade e depress\u00e3o<\/p>\t\t\t\t\t\t\t\t<\/div>\n\t\t\t\t<\/div>\n\t\t\t\t<\/div>\n\t\t<div class=\"elementor-element elementor-element-7eef9be e-con-full e-grid e-con e-child\" data-id=\"7eef9be\" data-element_type=\"container\" data-e-type=\"container\">\n\t\t\t\t<div class=\"elementor-element elementor-element-50b9c84 elementor-widget elementor-widget-image\" data-id=\"50b9c84\" data-element_type=\"widget\" data-e-type=\"widget\" data-widget_type=\"image.default\">\n\t\t\t\t\t\t\t\t\t\t\t\t\t\t\t<img loading=\"lazy\" decoding=\"async\" width=\"306\" height=\"222\" src=\"https:\/\/inescaldas.cbraga.pt\/wp-content\/uploads\/2026\/04\/Frame-48100449-1.png\" class=\"attachment-large size-large wp-image-1351\" alt=\"\" srcset=\"https:\/\/inescaldas.cbraga.pt\/wp-content\/uploads\/2026\/04\/Frame-48100449-1.png 306w, https:\/\/inescaldas.cbraga.pt\/wp-content\/uploads\/2026\/04\/Frame-48100449-1-300x218.png 300w, https:\/\/inescaldas.cbraga.pt\/wp-content\/uploads\/2026\/04\/Frame-48100449-1-18x12.png 18w\" sizes=\"(max-width: 306px) 100vw, 306px\" \/>\t\t\t\t\t\t\t\t\t\t\t\t\t\t\t<\/div>\n\t\t<div class=\"elementor-element elementor-element-9810bd6 e-con-full e-flex e-con e-child\" data-id=\"9810bd6\" data-element_type=\"container\" data-e-type=\"container\">\n\t\t\t\t<div class=\"elementor-element elementor-element-cfb8770 elementor-widget elementor-widget-text-editor\" data-id=\"cfb8770\" data-element_type=\"widget\" data-e-type=\"widget\" data-widget_type=\"text-editor.default\">\n\t\t\t\t\t\t\t\t\t<p>Sa\u00fade 80\/20 | Podcast<\/p>\t\t\t\t\t\t\t\t<\/div>\n\t\t\t\t<div class=\"elementor-element elementor-element-d397a90 elementor-widget elementor-widget-text-editor\" data-id=\"d397a90\" data-element_type=\"widget\" data-e-type=\"widget\" data-widget_type=\"text-editor.default\">\n\t\t\t\t\t\t\t\t\t<p>N\u00e3o \u00e9 s\u00f3 comida<\/p>\t\t\t\t\t\t\t\t<\/div>\n\t\t\t\t<\/div>\n\t\t\t\t<\/div>\n\t\t<div class=\"elementor-element elementor-element-090c274 e-con-full e-grid e-con e-child\" data-id=\"090c274\" data-element_type=\"container\" data-e-type=\"container\">\n\t\t\t\t<div class=\"elementor-element elementor-element-3f0659d elementor-widget elementor-widget-image\" data-id=\"3f0659d\" data-element_type=\"widget\" data-e-type=\"widget\" data-widget_type=\"image.default\">\n\t\t\t\t\t\t\t\t\t\t\t\t\t\t\t<img loading=\"lazy\" decoding=\"async\" width=\"306\" height=\"222\" src=\"https:\/\/inescaldas.cbraga.pt\/wp-content\/uploads\/2026\/04\/Frame-48100449-2.png\" class=\"attachment-large size-large wp-image-1352\" alt=\"\" srcset=\"https:\/\/inescaldas.cbraga.pt\/wp-content\/uploads\/2026\/04\/Frame-48100449-2.png 306w, https:\/\/inescaldas.cbraga.pt\/wp-content\/uploads\/2026\/04\/Frame-48100449-2-300x218.png 300w, https:\/\/inescaldas.cbraga.pt\/wp-content\/uploads\/2026\/04\/Frame-48100449-2-18x12.png 18w\" sizes=\"(max-width: 306px) 100vw, 306px\" \/>\t\t\t\t\t\t\t\t\t\t\t\t\t\t\t<\/div>\n\t\t<div class=\"elementor-element elementor-element-4760c6d e-con-full e-flex e-con e-child\" data-id=\"4760c6d\" data-element_type=\"container\" data-e-type=\"container\">\n\t\t\t\t<div class=\"elementor-element elementor-element-aa4b6f3 elementor-widget elementor-widget-text-editor\" data-id=\"aa4b6f3\" data-element_type=\"widget\" data-e-type=\"widget\" data-widget_type=\"text-editor.default\">\n\t\t\t\t\t\t\t\t\t<p>H\u00e1 margem | Podcast<\/p>\t\t\t\t\t\t\t\t<\/div>\n\t\t\t\t<div class=\"elementor-element elementor-element-867c54b elementor-widget elementor-widget-text-editor\" data-id=\"867c54b\" data-element_type=\"widget\" data-e-type=\"widget\" data-widget_type=\"text-editor.default\">\n\t\t\t\t\t\t\t\t\t<p>In\u00eas Neves Caldas e Maria Novais da Fonseca<\/p>\t\t\t\t\t\t\t\t<\/div>\n\t\t\t\t<\/div>\n\t\t\t\t<\/div>\n\t\t\t\t<\/div>\n\t\t\t\t\t<\/div>\n\t\t\t\t<\/div>\n\t\t\t\t<\/div>","protected":false},"excerpt":{"rendered":"<p>Imprensa Enquanto Psiquiatra e Psicoterapeuta, tenho tido a oportunidade de colaborar com diversos meios de comunica\u00e7\u00e3o em artigos, entrevistas e podcasts. \u00a0 \u00c9 uma honra partilhar o meu conhecimento e refor\u00e7ar a import\u00e2ncia da sa\u00fade mental no cuidado integrativo e no bem-estar global. Conhe\u00e7a algumas das minhas participa\u00e7\u00f5es nos m\u00e9dia Observador | Videocast O caso [&hellip;]<\/p>\n","protected":false},"author":2,"featured_media":0,"parent":0,"menu_order":6,"comment_status":"closed","ping_status":"closed","template":"","meta":{"footnotes":""},"class_list":["post-1347","page","type-page","status-publish","hentry"],"_links":{"self":[{"href":"https:\/\/inescaldas.cbraga.pt\/en\/wp-json\/wp\/v2\/pages\/1347","targetHints":{"allow":["GET"]}}],"collection":[{"href":"https:\/\/inescaldas.cbraga.pt\/en\/wp-json\/wp\/v2\/pages"}],"about":[{"href":"https:\/\/inescaldas.cbraga.pt\/en\/wp-json\/wp\/v2\/types\/page"}],"author":[{"embeddable":true,"href":"https:\/\/inescaldas.cbraga.pt\/en\/wp-json\/wp\/v2\/users\/2"}],"replies":[{"embeddable":true,"href":"https:\/\/inescaldas.cbraga.pt\/en\/wp-json\/wp\/v2\/comments?post=1347"}],"version-history":[{"count":7,"href":"https:\/\/inescaldas.cbraga.pt\/en\/wp-json\/wp\/v2\/pages\/1347\/revisions"}],"predecessor-version":[{"id":1361,"href":"https:\/\/inescaldas.cbraga.pt\/en\/wp-json\/wp\/v2\/pages\/1347\/revisions\/1361"}],"wp:attachment":[{"href":"https:\/\/inescaldas.cbraga.pt\/en\/wp-json\/wp\/v2\/media?parent=1347"}],"curies":[{"name":"wp","href":"https:\/\/api.w.org\/{rel}","templated":true}]}}